{"id":1816,"date":"2023-04-25T16:57:18","date_gmt":"2023-04-25T16:57:18","guid":{"rendered":"http:\/\/ptgeof.pl\/wroclaw\/?page_id=1816"},"modified":"2023-04-25T16:57:18","modified_gmt":"2023-04-25T16:57:18","slug":"kontakt","status":"publish","type":"page","link":"https:\/\/ptgeof.pl\/wroclaw\/?page_id=1816","title":{"rendered":"Kontakt"},"content":{"rendered":"<p>Uniwersytet Przyrodniczy we Wroc\u0142awiu<br \/>\nPl. Grunwaldzki 24, 50-363 Wroc\u0142aw<br \/>\ndr hab. Krystyna Bry\u015b<\/p>\n<p>e-mail:\u00a0<a role=\"link\" href=\"mailto:krystyna.brys@upwr.edu.pl\">krystyna.brys@upwr.edu.pl<\/a><\/p>\n<p>http:\/\/ptgeof.pl\/wroclaw\/<\/p>\n","protected":false},"excerpt":{"rendered":"<p>Uniwersytet Przyrodniczy we Wroc\u0142awiu Pl. Grunwaldzki 24, 50-363 Wroc\u0142aw dr hab. Krystyna Bry\u015b e-mail:\u00a0krystyna.brys@upwr.edu.pl http:\/\/ptgeof.pl\/wroclaw\/<\/p>\n","protected":false},"author":5,"featured_media":0,"parent":0,"menu_order":0,"comment_status":"closed","ping_status":"closed","template":"","meta":{"footnotes":""},"class_list":["post-1816","page","type-page","status-publish","hentry"],"_links":{"self":[{"href":"https:\/\/ptgeof.pl\/wroclaw\/index.php?rest_route=\/wp\/v2\/pages\/1816","targetHints":{"allow":["GET"]}}],"collection":[{"href":"https:\/\/ptgeof.pl\/wroclaw\/index.php?rest_route=\/wp\/v2\/pages"}],"about":[{"href":"https:\/\/ptgeof.pl\/wroclaw\/index.php?rest_route=\/wp\/v2\/types\/page"}],"author":[{"embeddable":true,"href":"https:\/\/ptgeof.pl\/wroclaw\/index.php?rest_route=\/wp\/v2\/users\/5"}],"replies":[{"embeddable":true,"href":"https:\/\/ptgeof.pl\/wroclaw\/index.php?rest_route=%2Fwp%2Fv2%2Fcomments&post=1816"}],"version-history":[{"count":1,"href":"https:\/\/ptgeof.pl\/wroclaw\/index.php?rest_route=\/wp\/v2\/pages\/1816\/revisions"}],"predecessor-version":[{"id":1817,"href":"https:\/\/ptgeof.pl\/wroclaw\/index.php?rest_route=\/wp\/v2\/pages\/1816\/revisions\/1817"}],"wp:attachment":[{"href":"https:\/\/ptgeof.pl\/wroclaw\/index.php?rest_route=%2Fwp%2Fv2%2Fmedia&parent=1816"}],"curies":[{"name":"wp","href":"https:\/\/api.w.org\/{rel}","templated":true}]}}