{"id":1764,"date":"2023-04-24T19:40:41","date_gmt":"2023-04-24T19:40:41","guid":{"rendered":"http:\/\/ptgeof.pl\/wroclaw\/?page_id=1764"},"modified":"2026-02-03T17:29:34","modified_gmt":"2026-02-03T17:29:34","slug":"skladki-czlonkowskie","status":"publish","type":"page","link":"https:\/\/ptgeof.pl\/wroclaw\/?page_id=1764","title":{"rendered":"Sk\u0142adki cz\u0142onkowskie"},"content":{"rendered":"<p>Sk\u0142adki cz\u0142onkowskie za rok 2026 i kolejne nale\u017cy uiszcza\u0107 poprzez przelew bankowy na konto Towarzystwa:<\/p>\n<p><strong>NestBank, numer konta 67 2530 0008 2090 1078 3262 0001<\/strong><\/p>\n<p>W tytule wp\u0142aty nale\u017cy poda\u0107: imi\u0119 i nazwisko, nazw\u0119 oddzia\u0142u oraz za jaki rok jest wp\u0142acana sk\u0142adka.<\/p>\n<p>Wysoko\u015b\u0107 rocznej sk\u0142adki:<br \/>\n\u2013 Cz\u0142onkowie PTGeof. \u2013 90 z\u0142<br \/>\n\u2013 Cz\u0142onkowie PTGeof. emeryci \u2013 55 z\u0142<br \/>\n\u2013 Studenci, doktoranci \u2013 40 z\u0142<br \/>\nWpisowe dla wst\u0119puj\u0105cych os\u00f3b wynosi 20 z\u0142.<\/p>\n","protected":false},"excerpt":{"rendered":"<p>Sk\u0142adki cz\u0142onkowskie za rok 2026 i kolejne nale\u017cy uiszcza\u0107 poprzez przelew bankowy na konto Towarzystwa: NestBank, numer konta 67 2530 0008 2090 1078 3262 0001 W tytule wp\u0142aty nale\u017cy poda\u0107: imi\u0119 i nazwisko, nazw\u0119 oddzia\u0142u oraz za jaki rok jest&hellip;<\/p>\n","protected":false},"author":5,"featured_media":0,"parent":0,"menu_order":0,"comment_status":"closed","ping_status":"closed","template":"","meta":{"footnotes":""},"class_list":["post-1764","page","type-page","status-publish","hentry"],"_links":{"self":[{"href":"https:\/\/ptgeof.pl\/wroclaw\/index.php?rest_route=\/wp\/v2\/pages\/1764","targetHints":{"allow":["GET"]}}],"collection":[{"href":"https:\/\/ptgeof.pl\/wroclaw\/index.php?rest_route=\/wp\/v2\/pages"}],"about":[{"href":"https:\/\/ptgeof.pl\/wroclaw\/index.php?rest_route=\/wp\/v2\/types\/page"}],"author":[{"embeddable":true,"href":"https:\/\/ptgeof.pl\/wroclaw\/index.php?rest_route=\/wp\/v2\/users\/5"}],"replies":[{"embeddable":true,"href":"https:\/\/ptgeof.pl\/wroclaw\/index.php?rest_route=%2Fwp%2Fv2%2Fcomments&post=1764"}],"version-history":[{"count":6,"href":"https:\/\/ptgeof.pl\/wroclaw\/index.php?rest_route=\/wp\/v2\/pages\/1764\/revisions"}],"predecessor-version":[{"id":1944,"href":"https:\/\/ptgeof.pl\/wroclaw\/index.php?rest_route=\/wp\/v2\/pages\/1764\/revisions\/1944"}],"wp:attachment":[{"href":"https:\/\/ptgeof.pl\/wroclaw\/index.php?rest_route=%2Fwp%2Fv2%2Fmedia&parent=1764"}],"curies":[{"name":"wp","href":"https:\/\/api.w.org\/{rel}","templated":true}]}}