{"id":1799,"date":"2025-03-22T21:10:56","date_gmt":"2025-03-22T21:10:56","guid":{"rendered":"https:\/\/ptgeof.pl\/lublin\/?page_id=1799"},"modified":"2026-03-19T10:04:29","modified_gmt":"2026-03-19T10:04:29","slug":"1799-2","status":"publish","type":"page","link":"https:\/\/ptgeof.pl\/lublin\/?page_id=1799","title":{"rendered":"Odczyty"},"content":{"rendered":"<p class=\"zfr3Q CDt4Ke \" dir=\"ltr\" style=\"text-align: justify\"><strong><span class=\"KB0Tx C9DxTc \" style=\"color: #000000;font-size: 18pt\">Odczyty (od XII 2016 roku)<\/span><\/strong><\/p>\n<ul>\n<li><span style=\"color: #000000;font-size: 12pt\"><span class=\"C9DxTc \">202<\/span><span class=\"C9DxTc \">6<\/span><span class=\"C9DxTc \">.03.19<\/span><span class=\"C9DxTc \">: &#8222;<em>Miasto z perspektywy nauki: pogoda i woda w badaniach Katedry Hydrologii i Klimatologii UMCS&#8221;<\/em>.<\/span><span class=\"C9DxTc \"> Autorzy: <strong>dr hab. Stanis\u0142aw Chmiel, prof. UMCS, dr Mateusz Dobek i dr Joanna Spos\u00f3b<\/strong> (Uniwersytet Marii Curie-Sk\u0142odowskiej w Lublinie). Odczyt wsp\u00f3lny z Oddzia\u0142em Lubelskim Polskiego Towarzystwa Geograficznego.\n<p><\/span><\/span><\/li>\n<li><span style=\"color: #000000;font-size: 12pt\"><span style=\"color: #000000;font-size: 12pt\"><span class=\"C9DxTc \">202<\/span><span class=\"C9DxTc \">6<\/span><span class=\"C9DxTc \">.01.27<\/span><span class=\"C9DxTc \">: &#8222;<em>Cyrkulacyjne i radiacyjne uwarunkowania wsp\u00f3\u0142czesnych zmian klimatu Polski&#8221;<\/em>.<\/span><span class=\"C9DxTc \">\u00a0Autor: <strong>dr Krzysztof Bartoszek<\/strong> (Uniwersytet Marii Curie-Sk\u0142odowskiej w Lublinie).\n<p><\/span><\/span><\/span><\/li>\n<li><span style=\"color: #000000;font-size: 12pt\"><span class=\"C9DxTc \">202<\/span><span class=\"C9DxTc \">5<\/span><span class=\"C9DxTc \">.04.08<\/span><span class=\"C9DxTc \">: &#8222;<em>Dwucylindrowy anemo-radiometr CARla jako przyk\u0142ad niskobud\u017cetowego urz\u0105dzenia do oceny stresu cieplnego cz\u0142owieka (do\u015bwiadczenia ze sta\u017cu naukowego w Arizona State University)&#8221;<\/em>.<\/span><span class=\"C9DxTc \">\u00a0Autor: <strong>dr Sylwester Wereski<\/strong> (Uniwersytet Marii Curie-Sk\u0142odowskiej w Lublinie).\n<p><\/span><\/span><\/li>\n<li><span style=\"color: #000000;font-size: 12pt\"><span class=\"C9DxTc \">202<\/span><span class=\"C9DxTc \">5<\/span><span class=\"C9DxTc \">.04.01<\/span><span class=\"C9DxTc \">: &#8222;<em>Hipotermia w Lublinie&#8221;<\/em>.<\/span><span class=\"C9DxTc \">\u00a0Autor: <strong>dr Mateusz Dobek<\/strong> (Uniwersytet Marii Curie-Sk\u0142odowskiej w Lublinie).<\/span><\/span><\/li>\n<\/ul>\n<ul style=\"text-align: justify\">\n<li><span style=\"color: #000000;font-size: 12pt\"><span class=\"C9DxTc \">202<\/span><span class=\"C9DxTc \">5<\/span><span class=\"C9DxTc \">.03.2<\/span><span class=\"C9DxTc \">0<\/span><span class=\"C9DxTc \">: &#8222;<em>Jak cyfrowe mapy pomagaj\u0105 bada\u0107 klimat i bioklimat?&#8221;<\/em>.<\/span><span class=\"C9DxTc \">\u00a0Autor: <strong>dr Kamil Leziak<\/strong> (Uniwersytet Warszawski)<\/span><span class=\"C9DxTc \">. Odczyt wsp\u00f3lny z Oddzia\u0142em Lubelskim Polskiego Towarzystwa Geograficznego.<\/span><\/span><\/li>\n<\/ul>\n<ul>\n<li><span style=\"color: #000000;font-size: 12pt\"><span class=\"C9DxTc \">202<\/span><span class=\"C9DxTc \">4<\/span><span class=\"C9DxTc \">.03.2<\/span><span class=\"C9DxTc \">1<\/span><span class=\"C9DxTc \">: &#8222;<em>Wyst\u0119powanie susz w okresie wegetacyjnym w latach 1951-2020 i ich konsekwencje w \u015brodowisku le\u015bnym&#8221;<\/em><\/span><span class=\"C9DxTc \">. Autorzy: <strong>dr Longina Chojnacka-O\u017cga<\/strong> i <strong>dr Wojciech O\u017cga<\/strong> (SGGW Warszawa)<\/span><span class=\"C9DxTc \">.<\/span><span class=\"C9DxTc \"> Odczyt wsp\u00f3lny z Oddzia\u0142em Lubelskim Polskiego Towarzystwa Geograficznego.<\/span><\/span><\/li>\n<\/ul>\n<ul class=\"n8H08c UVNKR \">\n<li class=\"zfr3Q TYR86d eD0Rn \" dir=\"ltr\" style=\"text-align: justify\">\n<p class=\"zfr3Q CDt4Ke \" dir=\"ltr\" role=\"presentation\"><span style=\"color: #000000;font-size: 12pt\"><span class=\"C9DxTc \">202<\/span><span class=\"C9DxTc \">3<\/span><span class=\"C9DxTc \">.03.2<\/span><span class=\"C9DxTc \">3<\/span><span class=\"C9DxTc \">: &#8222;<\/span><span class=\"C9DxTc \"><em>Wybrane cechy zmienno\u015bci temperatury powietrza w Polsce (1951-2021)&#8221;<\/em><\/span><span class=\"C9DxTc \">. Autor: <strong>dr\u00a0<\/strong><\/span><strong><span class=\"C9DxTc \">Micha\u0142 Marosz<\/span><\/strong><span class=\"C9DxTc \">\u00a0(<\/span><span class=\"C9DxTc \">IMGW-PIB<\/span><span class=\"C9DxTc \">).<\/span><span class=\"C9DxTc \"> Odczyt wsp\u00f3lny z Oddzia\u0142em Lubelskim Polskiego Towarzystwa Geograficznego.<\/span><\/span><\/p>\n<\/li>\n<li class=\"zfr3Q TYR86d eD0Rn \" dir=\"ltr\" style=\"text-align: justify\">\n<p class=\"zfr3Q CDt4Ke \" dir=\"ltr\" role=\"presentation\"><span style=\"color: #000000;font-size: 12pt\"><span class=\"C9DxTc \">2022.03.24: &#8222;<em>Missisipi Blues&#8221;<\/em>. Autor: <strong>dr Agnieszka Krzy\u017cewska<\/strong> (<\/span><span class=\"C9DxTc \">Katedra Hydrologii i Klimatologii UMCS). Odczyt wsp\u00f3lny z Oddzia\u0142em Lubelskim Polskiego Towarzystwa Geograficznego.<\/span><\/span><\/p>\n<\/li>\n<li class=\"zfr3Q TYR86d eD0Rn \" dir=\"ltr\" style=\"text-align: justify\">\n<p class=\"zfr3Q CDt4Ke \" dir=\"ltr\" role=\"presentation\"><span style=\"color: #000000;font-size: 12pt\"><span class=\"C9DxTc \">202<\/span><span class=\"C9DxTc \">1<\/span><span class=\"C9DxTc \">.0<\/span><span class=\"C9DxTc \">9<\/span><span class=\"C9DxTc \">.<\/span><span class=\"C9DxTc \">2<\/span><span class=\"C9DxTc \">8<\/span><span class=\"C9DxTc \">:<\/span><span class=\"C9DxTc \"> &#8222;<\/span><span class=\"C9DxTc \"><em>Climate change indicators for the Israeli agriculture&#8221;<\/em><\/span><span class=\"C9DxTc \">. A<\/span><span class=\"C9DxTc \">utor: <\/span><strong><span class=\"C9DxTc \">Giora Gerhstein <\/span><\/strong><span class=\"C9DxTc \">(I<\/span><span class=\"C9DxTc \">zraelska S\u0142u\u017cba Meteorologiczna (Israeli Met Service<\/span><span class=\"C9DxTc \">)<\/span><span class=\"C9DxTc \">.<\/span><\/span><\/p>\n<\/li>\n<li class=\"zfr3Q TYR86d eD0Rn \" dir=\"ltr\" style=\"text-align: justify\">\n<p class=\"zfr3Q CDt4Ke \" dir=\"ltr\" role=\"presentation\"><span style=\"color: #000000;font-size: 12pt\"><span class=\"C9DxTc \">202<\/span><span class=\"C9DxTc \">1<\/span><span class=\"C9DxTc \">.0<\/span><span class=\"C9DxTc \">3<\/span><span class=\"C9DxTc \">.<\/span><span class=\"C9DxTc \">25<\/span><span class=\"C9DxTc \">: &#8222;<\/span><span class=\"C9DxTc \"><em>Zanieczyszczenie powietrza w uzdrowiskach polskich \u2013 problem gmin uzdrowiskowych oraz kuracjuszy&#8221;<\/em>.<\/span><span class=\"C9DxTc \">\u00a0Autor: <strong>dr hab. <\/strong><\/span><strong><span class=\"C9DxTc \">Magdalena Kuchcik<\/span><\/strong><span class=\"C9DxTc \"> (<\/span><span class=\"C9DxTc \">Instytut Geografii i Przestrzennego Zagospodarowania PAN<\/span><span class=\"C9DxTc \">)<\/span><span class=\"C9DxTc \">.\u00a0<\/span><span class=\"C9DxTc \">Odczyt wsp\u00f3lny z Oddzia\u0142em Lubelskim Polskiego Towarzystwa Geograficznego<\/span><span class=\"C9DxTc \">.<\/span><\/span><\/p>\n<\/li>\n<li class=\"zfr3Q TYR86d eD0Rn \" dir=\"ltr\" style=\"text-align: justify\">\n<p class=\"zfr3Q CDt4Ke \" dir=\"ltr\" role=\"presentation\"><span style=\"color: #000000;font-size: 12pt\"><span class=\"C9DxTc \">2020.01.31: &#8222;<em>Problematyka pomiar\u00f3w us\u0142onecznienia&#8221;<\/em>. Autor: <strong>dr Krzysztof Bartoszek<\/strong> (Katedra Hydrologii i Klimatologii UMCS)<\/span><span class=\"C9DxTc \">.<\/span><\/span><\/p>\n<\/li>\n<li class=\"zfr3Q TYR86d eD0Rn \" dir=\"ltr\" style=\"text-align: justify\">\n<p class=\"zfr3Q CDt4Ke \" dir=\"ltr\" role=\"presentation\"><span class=\"C9DxTc \" style=\"color: #000000;font-size: 12pt\">2019.11.15: &#8222;<em>Termiczny efekt niedzieli w Lublinie (2006-2015)&#8221;<\/em>. Autorzy: <strong>Kamil Kultys, Jagoda Ziewiec i Klaudia M\u0142odawska<\/strong> (studenci I roku II stopnia geografii UMCS).<\/span><\/p>\n<\/li>\n<li class=\"zfr3Q TYR86d eD0Rn \" dir=\"ltr\" style=\"text-align: justify\">\n<p class=\"zfr3Q CDt4Ke \" dir=\"ltr\" role=\"presentation\"><span style=\"color: #0000ff;font-size: 12pt\"><a class=\"XqQF9c\" style=\"color: #0000ff\" href=\"https:\/\/drive.google.com\/file\/d\/1FnbBdnSTQZFzG09XJF6z7OXIiR2yJ6Lr\/view?usp=sharing\" target=\"_blank\" rel=\"noopener\"><span class=\"C9DxTc aw5Odc \">2019.06.10: &#8222;<em>Analiza przestrzenna wy\u0142adowa\u0144 atmosferycznych nad wojew\u00f3dztwem Lubelskim w 2018 roku przy u\u017cyciu narz\u0119dzi GIS&#8221;<\/em>. Autor: <strong>Kamil Misztal<\/strong> (student 3 roku Geoinformatyki UMCS).<\/span><\/a><\/span><\/p>\n<\/li>\n<li class=\"zfr3Q TYR86d eD0Rn \" dir=\"ltr\" style=\"text-align: justify\">\n<p class=\"zfr3Q CDt4Ke \" dir=\"ltr\" role=\"presentation\"><span style=\"color: #0000ff;font-size: 12pt\"><a class=\"XqQF9c\" style=\"color: #0000ff\" href=\"https:\/\/drive.google.com\/file\/d\/1K5sCASwzoYQpaYUWUXwObGH9P0jFKL1K\/view?usp=sharing\" target=\"_blank\" rel=\"noopener\"><span class=\"C9DxTc aw5Odc \">2019.04.05: &#8222;<em>Geofizyczne rozpoznanie zasi\u0119gu porwaka jurajskiego w rejonie rezerwatu Kry Jurajskiej, gmina \u0141uk\u00f3w&#8221;<\/em>. Autor:<strong> dr Maciej Mendecki<\/strong> (Katedra Geologii Stosowanej U\u015a).<\/span><\/a><\/span><\/p>\n<\/li>\n<li class=\"zfr3Q TYR86d eD0Rn \" dir=\"ltr\" style=\"text-align: justify\">\n<p class=\"zfr3Q CDt4Ke \" dir=\"ltr\" role=\"presentation\"><span class=\"C9DxTc \" style=\"color: #000000;font-size: 12pt\">2019.03.07: &#8222;<strong>Zmiany klimatu i ich skutki&#8221;<\/strong>. Autor: <strong>prof. dr hab. Bogus\u0142aw M. Kaszewski<\/strong> (Zak\u0142ad Meteorologii i Klimatologii UMCS) oraz <strong>prof. dr hab. Marian Harasimiuk<\/strong> (UMCS). Odczyt wsp\u00f3lny z Oddzia\u0142em Lubelskim Polskiego Towarzystwa Geograficznego.<\/span><\/p>\n<\/li>\n<li class=\"zfr3Q TYR86d eD0Rn \" dir=\"ltr\" style=\"text-align: justify\">\n<p class=\"zfr3Q CDt4Ke \" dir=\"ltr\" role=\"presentation\"><span style=\"color: #0000ff;font-size: 12pt\"><a class=\"XqQF9c\" style=\"color: #0000ff\" href=\"https:\/\/drive.google.com\/file\/d\/1RBXsHtCqDF5576FLGRqKzAwY4nCqxyJF\/view?usp=sharing\" target=\"_blank\" rel=\"noopener\"><span class=\"C9DxTc aw5Odc \">2019.02.01: &#8222;<em>Charakterystyka termiczna oraz synoptyczne uwarunkowania nap\u0142ywu mas powietrznych nad Lubelszczyzn\u0119&#8221;<\/em>. Autor: <strong>dr Krzysztof Bartoszek<\/strong> (Katedra Hydrologii i Klimatologii UMCS)<\/span><span class=\"C9DxTc aw5Odc \">.<\/span><\/a><\/span><\/p>\n<\/li>\n<li class=\"zfr3Q TYR86d eD0Rn \" dir=\"ltr\" style=\"text-align: justify\">\n<p class=\"zfr3Q CDt4Ke \" dir=\"ltr\" role=\"presentation\"><span style=\"color: #0000ff;font-size: 12pt\"><a class=\"XqQF9c\" style=\"color: #0000ff\" href=\"https:\/\/drive.google.com\/file\/d\/12JJ9iKfzUAIpaRvZ5sTebIq8WB82gLyp\/view?usp=sharing\" target=\"_blank\" rel=\"noopener\"><span class=\"C9DxTc aw5Odc \">2018.11.09: &#8222;<em>Silne burze w Polsce w 2017 r. na przyk\u0142adach Lubelszczyzny i Pomorza&#8221;<\/em>. Autor: <strong>Dorota Moroniak<\/strong> (studentka 1 roku II stopnia geografii UMCS)<\/span><span class=\"C9DxTc aw5Odc \">.<\/span><\/a><\/span><\/p>\n<\/li>\n<li class=\"zfr3Q TYR86d eD0Rn \" dir=\"ltr\" style=\"text-align: justify\">\n<p class=\"zfr3Q CDt4Ke \" dir=\"ltr\" role=\"presentation\"><span style=\"color: #000000;font-size: 12pt\"><span class=\"C9DxTc \">2018.06.14: &#8222;<em>Earth Atmosphere interactions \u2013 Modelling and Measurement&#8221;<\/em>. Autor: <strong>dr Jamie Dyer<\/strong> (Department of Geosciences, Mississippi State University, USA)<\/span><span class=\"C9DxTc \">.\u00a0<\/span><span class=\"C9DxTc \">Odczyt w j. angielskim.<\/span><\/span><\/p>\n<\/li>\n<li class=\"zfr3Q TYR86d eD0Rn \" dir=\"ltr\" style=\"text-align: justify\">\n<p class=\"zfr3Q CDt4Ke \" dir=\"ltr\" role=\"presentation\"><span style=\"color: #0000ff;font-size: 12pt\"><a class=\"XqQF9c\" style=\"color: #0000ff\" href=\"https:\/\/drive.google.com\/file\/d\/1Uiue5PirR0elM_w8HsFbYnirFydepXzX\/view?usp=sharing\" target=\"_blank\" rel=\"noopener\"><span class=\"C9DxTc aw5Odc \">2018.05.18: &#8222;<em>Charakterystyka mas powietrznych nad Lubelszczyzn\u0105&#8221;<\/em>. Autorzy: <strong>dr Krzysztof Bartoszek, prof. dr hab. Bogus\u0142aw M. Kaszewski<\/strong> (Zak\u0142ad Meteorologii i Klimatologii UMCS)<\/span><span class=\"C9DxTc aw5Odc \">.<\/span><\/a><\/span><\/p>\n<\/li>\n<li class=\"zfr3Q TYR86d eD0Rn \" dir=\"ltr\" style=\"text-align: justify\">\n<p class=\"zfr3Q CDt4Ke \" dir=\"ltr\" role=\"presentation\"><span style=\"color: #000000;font-size: 12pt\"><span class=\"C9DxTc \">2018.03.22: &#8222;<em>Miejska wyspa ciep\u0142a na przyk\u0142adzie Lublina&#8221;<\/em>. Autor: <strong>prof. dr hab. Bogus\u0142aw M. Kaszewski<\/strong> (Zak\u0142ad Meteorologii i Klimatologii UMCS). Odczyt wsp\u00f3lny z Oddzia\u0142em Lubelskim Polskiego Towarzystwa Geograficznego<\/span><span class=\"C9DxTc \">.<\/span><\/span><\/p>\n<\/li>\n<li class=\"zfr3Q TYR86d eD0Rn \" dir=\"ltr\" style=\"text-align: justify\">\n<p class=\"zfr3Q CDt4Ke \" dir=\"ltr\" role=\"presentation\"><span style=\"color: #000000;font-size: 12pt\"><span class=\"C9DxTc \">2018.02.15: &#8222;<em>Wybrane zagadnienia pomiar\u00f3w strumieni gaz\u00f3w cieplarnianych na terenach bagiennych&#8221;<\/em>. Autor: <strong>prof. dr hab. Krzysztof Fortuniak<\/strong> (Katedra Meteorologii i Klimatologii, Uniwersytet \u0141\u00f3dzki)<\/span><span class=\"C9DxTc \">.<\/span><\/span><\/p>\n<\/li>\n<li class=\"zfr3Q TYR86d eD0Rn \" dir=\"ltr\" style=\"text-align: justify\">\n<p class=\"zfr3Q CDt4Ke \" dir=\"ltr\" role=\"presentation\"><span style=\"color: #000000;font-size: 12pt\"><span class=\"C9DxTc \">2018.01.05: &#8222;<em>Wp\u0142yw warunk\u00f3w zewn\u0119trznych na stosunki termiczno-wilgotno\u015bciowe zabytkowych obiekt\u00f3w sakralnych&#8221;<\/em>. Autor: <strong>mgr Ewelina Flis-Olszewska<\/strong> (Zak\u0142ad Meteorologii i Klimatologii UMCS)<\/span><span class=\"C9DxTc \">.<\/span><\/span><\/p>\n<\/li>\n<li class=\"zfr3Q TYR86d eD0Rn \" dir=\"ltr\" style=\"text-align: justify\">\n<p class=\"zfr3Q CDt4Ke \" dir=\"ltr\" role=\"presentation\"><span class=\"C9DxTc \" style=\"color: #000000;font-size: 12pt\">2017.10.06: &#8222;<em>Zmienno\u015b\u0107 i zr\u00f3\u017cnicowanie typ\u00f3w cyrkulacji atmosferycznej w Polsce w uj\u0119ciu mezoskalowym&#8221;<\/em>. Autor: <strong>mgr Pawe\u0142 Kotas<\/strong> (IMGW-PIB; doktorant w Zak\u0142adzie Klimatologii, Uniwersytet Jagiello\u0144ski).<\/span><\/p>\n<\/li>\n<li class=\"zfr3Q TYR86d eD0Rn \" dir=\"ltr\" style=\"text-align: justify\">\n<p class=\"zfr3Q CDt4Ke \" dir=\"ltr\" role=\"presentation\"><span class=\"C9DxTc \" style=\"color: #000000;font-size: 12pt\">2017.05.19: &#8222;<em>Najgro\u017aniejsi masowi zab\u00f3jcy &#8211; czyli rzecz o falach upa\u0142\u00f3w i ich skutkach&#8221;<\/em>. Autor: <strong>dr Agnieszka Krzy\u017cewska<\/strong> (Zak\u0142ad Meteorologii i Klimatologii UMCS).\u00a0<\/span><\/p>\n<\/li>\n<li class=\"zfr3Q TYR86d eD0Rn \" dir=\"ltr\" style=\"text-align: justify\">\n<p class=\"zfr3Q CDt4Ke \" dir=\"ltr\" role=\"presentation\"><span class=\"C9DxTc \" style=\"color: #000000;font-size: 12pt\">2017.03.23: &#8222;<em>Stan i zmiany zasob\u00f3w wody w aglomeracji lubelskiej&#8221;<\/em>. Autor: <strong>prof. dr hab. Zdzis\u0142aw Michalczyk<\/strong> (Zak\u0142ad Hydrologii UMCS). Odczyt wsp\u00f3lny z Oddzia\u0142em Lubelskim Polskiego Towarzystwa Geograficznego.<\/span><\/p>\n<\/li>\n<li class=\"zfr3Q TYR86d eD0Rn \" dir=\"ltr\" style=\"text-align: justify\">\n<p class=\"zfr3Q CDt4Ke \" dir=\"ltr\" role=\"presentation\"><span style=\"color: #0000ff;font-size: 12pt\"><a class=\"XqQF9c\" style=\"color: #0000ff\" href=\"https:\/\/drive.google.com\/file\/d\/0B0vH9pB2rlM9dzFVQ0RrZlFRdzQ\/view?usp=sharing\" target=\"_blank\" rel=\"noopener\"><span class=\"C9DxTc aw5Odc \">2017.02.17: &#8222;<em>Charakterystyka wybranych zjawisk meteorologicznych w Lublinie w latach 1951-2010&#8243;<\/em>. Autor: <strong>mgr in\u017c. Grzegorz Ko\u0142odziej<\/strong> (Zak\u0142ad Meteorologii i Klimatologii UMCS).<\/span><\/a><\/span><\/p>\n<\/li>\n<li class=\"zfr3Q TYR86d eD0Rn \" dir=\"ltr\" style=\"text-align: justify\">\n<p class=\"zfr3Q CDt4Ke \" dir=\"ltr\" role=\"presentation\"><span class=\"C9DxTc \" style=\"color: #000000;font-size: 12pt\">2017.01.27: &#8222;T<em>ypy pogody w Lublinie w okresie 1951-2010&#8243;<\/em>. Autorzy: <strong>dr Sylwester Wereski, mgr Anna Bilik<\/strong> (Zak\u0142ad Meteorologii i Klimatologii UMCS).<\/span><\/p>\n<\/li>\n<li class=\"zfr3Q TYR86d eD0Rn \" dir=\"ltr\">\n<p class=\"zfr3Q CDt4Ke \" dir=\"ltr\" style=\"text-align: justify\" role=\"presentation\"><span style=\"color: #0000ff;font-size: 12pt\"><a class=\"XqQF9c\" style=\"color: #0000ff\" href=\"https:\/\/drive.google.com\/file\/d\/0B0vH9pB2rlM9ZDdJOVNaZjVSdzQ\/view?usp=sharing\" target=\"_blank\" rel=\"noopener\"><span class=\"C9DxTc aw5Odc \">2016.12.02: &#8222;<em>Adaptacja rolnictwa wobec zmian klimatu a biogospodarka&#8221;<\/em>. Autor: <strong>dr hab. Jerzy Kozyra<\/strong> (Instytut Uprawy Nawo\u017cenia i Gleboznawstwa w Pu\u0142awach, Zak\u0142ad Biogospodarki i Analiz Systemowych).<\/span><\/a><\/span><\/p>\n<\/li>\n<\/ul>\n","protected":false},"excerpt":{"rendered":"<p>Odczyty (od XII 2016 roku) 2026.03.19: &#8222;Miasto z perspektywy nauki: pogoda i woda w badaniach Katedry Hydrologii i Klimatologii UMCS&#8221;. Autorzy: dr hab. Stanis\u0142aw Chmiel, prof. UMCS, dr Mateusz Dobek i dr Joanna Spos\u00f3b (Uniwersytet Marii Curie-Sk\u0142odowskiej w Lublinie). Odczyt&hellip;<\/p>\n","protected":false},"author":9,"featured_media":0,"parent":0,"menu_order":0,"comment_status":"closed","ping_status":"closed","template":"","meta":{"footnotes":""},"class_list":["post-1799","page","type-page","status-publish","hentry"],"_links":{"self":[{"href":"https:\/\/ptgeof.pl\/lublin\/index.php?rest_route=\/wp\/v2\/pages\/1799","targetHints":{"allow":["GET"]}}],"collection":[{"href":"https:\/\/ptgeof.pl\/lublin\/index.php?rest_route=\/wp\/v2\/pages"}],"about":[{"href":"https:\/\/ptgeof.pl\/lublin\/index.php?rest_route=\/wp\/v2\/types\/page"}],"author":[{"embeddable":true,"href":"https:\/\/ptgeof.pl\/lublin\/index.php?rest_route=\/wp\/v2\/users\/9"}],"replies":[{"embeddable":true,"href":"https:\/\/ptgeof.pl\/lublin\/index.php?rest_route=%2Fwp%2Fv2%2Fcomments&post=1799"}],"version-history":[{"count":17,"href":"https:\/\/ptgeof.pl\/lublin\/index.php?rest_route=\/wp\/v2\/pages\/1799\/revisions"}],"predecessor-version":[{"id":1933,"href":"https:\/\/ptgeof.pl\/lublin\/index.php?rest_route=\/wp\/v2\/pages\/1799\/revisions\/1933"}],"wp:attachment":[{"href":"https:\/\/ptgeof.pl\/lublin\/index.php?rest_route=%2Fwp%2Fv2%2Fmedia&parent=1799"}],"curies":[{"name":"wp","href":"https:\/\/api.w.org\/{rel}","templated":true}]}}