{"id":1790,"date":"2025-03-22T19:14:29","date_gmt":"2025-03-22T19:14:29","guid":{"rendered":"https:\/\/ptgeof.pl\/lublin\/?page_id=1790"},"modified":"2025-03-27T08:58:58","modified_gmt":"2025-03-27T08:58:58","slug":"historia-lubelskiego-oddzialu-polskiego-towarzystwa-geofizycznego","status":"publish","type":"page","link":"https:\/\/ptgeof.pl\/lublin\/?page_id=1790","title":{"rendered":"Historia Lubelskiego Oddzia\u0142u Polskiego Towarzystwa Geofizycznego"},"content":{"rendered":"<p class=\"CDt4Ke zfr3Q\" dir=\"ltr\" style=\"text-align: justify\"><span class=\" gBYvFf\" style=\"font-size: 12pt;color: #000000\">Oddzia\u0142 Lubelski Polskiego Towarzystwa Geofizycznego powsta\u0142 <strong>17 maja 1956 roku<\/strong> z inicjatywy doc. dr W\u0142odzimierza Zinkiewicza. W sk\u0142ad pierwszego Zarz\u0105du Oddzia\u0142u wchodzili: doc. dr W\u0142odzimierz Zinkiewicz &#8211; przewodnicz\u0105cy, doc. dr Tadeusz Wilgat &#8211; z-ca przewodnicz\u0105cego, mgr Edward Michna &#8211; sekretarz (p\u00f3\u017aniejsi profesorowie) i mgr W\u0142adys\u0142aw Szewczyk &#8211; skarbnik. Oddzia\u0142 liczy\u0142 19 cz\u0142onk\u00f3w.<\/span><\/p>\n<p class=\"CDt4Ke zfr3Q\" dir=\"ltr\" style=\"text-align: justify\"><span class=\" gBYvFf\" style=\"font-size: 12pt;color: #000000\">W programie dzia\u0142alno\u015bci pierwszego zarz\u0105du zwr\u00f3cono g\u0142\u00f3wnie uwag\u0119 na: systematyczno\u015b\u0107 posiedze\u0144 naukowych (1 raz w miesi\u0105cu), omawianie i uzgadnianie tematyki prac zespo\u0142owych z meteorologii i hydrografii, zwi\u0119kszenie liczby cz\u0142onk\u00f3w, powi\u0105zania dzia\u0142alno\u015bci Oddzia\u0142u z dzia\u0142alno\u015bci\u0105 Polskiego Towarzystwa Geograficznego oraz udzia\u0142 cz\u0142onk\u00f3w Oddzia\u0142u w pracach nad odpowiednim rozk\u0142adem stacji klimatycznych i opadowych na Lubelszczy\u017anie. Warta podkre\u015blenia jest w tym okresie dzia\u0142alno\u015b\u0107 popularyzuj\u0105ca nauki geofizyczne w\u015br\u00f3d m\u0142odzie\u017cy i nauczycieli szk\u00f3\u0142 podstawowych i \u015brednich. Odczyty po\u0142\u0105czone by\u0142y ze zwiedzaniem Obserwatorium Meteorologicznego UMCS. Od 1961 r. (ka\u017cdego roku w marcu), w zwi\u0105zku z ustanowieniem Mi\u0119dzynarodowego Dnia Meteorologa, w prasie i radiu prowadzona by\u0142a szeroka akcja popularyzuj\u0105ca nauki geofizyczne.<\/span><\/p>\n<p class=\"CDt4Ke zfr3Q\" dir=\"ltr\" style=\"text-align: justify\"><span class=\" gBYvFf\" style=\"font-size: 12pt;color: #000000\">Pierwszy przewodnicz\u0105cy Oddzia\u0142u pe\u0142ni\u0142 t\u0119 funkcj\u0119 przez 11 kadencji, do 7 marca 1968 r., a jego zast\u0119pca przez 14 kadencji, do 18 marca 1971 r. W sk\u0142ad kolejnych zarz\u0105d\u00f3w oddzia\u0142u i komisji rewizyjnych w pierwszych latach dzia\u0142alno\u015bci wchodzili m.in. p\u00f3\u017aniejsi profesorowie: Henryk Maruszczak i Jan Trembaczowski (geomorfolodzy), Franciszek Uhorczak (kartograf), Krzysztof Wojciechowski (hydrograf), Wojciech Warakomski (klimatolog).<\/span><\/p>\n<p class=\"CDt4Ke zfr3Q\" dir=\"ltr\" style=\"text-align: justify\"><span class=\" gBYvFf\" style=\"font-size: 12pt;color: #000000\">Po rezygnacji z kandydowania na przewodnicz\u0105cego z\u0142o\u017conej przez prof. W\u0142odzimierza Zinkiewicza, od 7 marca 1968 roku do 14 marca 1969 roku, funkcj\u0119 t\u0119 pe\u0142ni\u0142 doc. dr Edward Michna, a nast\u0119pnie do 11 czerwca 1986 roku prof. dr hab. Wojciech Warakomski. W sk\u0142ad kolejnych zarz\u0105d\u00f3w wchodzili m.in. profesorowie: Tadeusz G\u00f3rski i J\u00f3zef Ko\u0142odziej (agrometeorolodzy). W latach 1974-1980 prof. dr hab. Edward Michna by\u0142 cz\u0142onkiem Zarz\u0105du G\u0142\u00f3wnego, a w latach 1981- 1982 Prezesem Zarz\u0105du G\u0142\u00f3wnego PTGeof.<\/span><\/p>\n<p class=\"CDt4Ke zfr3Q\" dir=\"ltr\" style=\"text-align: justify\"><span class=\" gBYvFf\" style=\"font-size: 12pt;color: #000000\">W tym okresie Oddzia\u0142 Lubelski by\u0142 wsp\u00f3\u0142organizatorem dw\u00f3ch og\u00f3lnopolskich zjazd\u00f3w naukowych: Pierwszy obchodzony pod has\u0142em: \u201eKlimatologia w s\u0142u\u017cbie gospodarki narodowej\u201d odby\u0142 si\u0119 w dniach 10-11 maja 1974 roku w Lublinie. W sesji, na kt\u00f3rej wyg\u0142oszono 7 referat\u00f3w, wzi\u0119\u0142y udzia\u0142 54 osoby, reprezentuj\u0105ce wi\u0119kszo\u015b\u0107 o\u015brodk\u00f3w naukowych w kraju oraz kilka instytucji gospodarczych. Drugie sympozjum naukowe nt. \u201eAktualne problemy klimatologii polskiej &#8211; zastosowania gospodarcze\u201d odby\u0142o si\u0119 w Lublinie w dniach 6-8 czerwca 1968 roku. W obradach uczestniczy\u0142o 120 os\u00f3b. Wyg\u0142oszono 26 referat\u00f3w i komunikat\u00f3w naukowych.<\/span><\/p>\n<p class=\"CDt4Ke zfr3Q\" dir=\"ltr\" style=\"text-align: justify\"><span class=\" gBYvFf\" style=\"font-size: 12pt;color: #000000\">Od 11 czerwca 1986 roku do 15 marca 1991 roku przewodnicz\u0105cym Oddzia\u0142u by\u0142 prof. dr hab. Stanis\u0142aw Paczos, a w sk\u0142ad Zarz\u0105du wchodzi\u0142 m.in. p\u00f3\u017aniejszy profesor Zdzis\u0142aw Michalczyk (hydrograf). Od 15 marca 1991 roku (po \u015bmierci prof. S. Paczosa) do Walnego Zgromadzenia cz\u0142onk\u00f3w Oddzia\u0142u, tj. do 3 czerwca 1992 roku, Oddzia\u0142 pracowa\u0142 pod kierunkiem dr Krzysztofa Liniewicza. Nast\u0119pnie przewodnicz\u0105cym Oddzia\u0142u zosta\u0142 dr hab. Bogus\u0142aw Kaszewski, od 1992 r. tak\u017ce cz\u0142onek Prezydium Zarz\u0105du G\u0142\u00f3wnego PTGeof.<\/span><\/p>\n<p class=\"CDt4Ke zfr3Q\" dir=\"ltr\" style=\"text-align: justify\"><span class=\" gBYvFf\" style=\"font-size: 12pt;color: #000000\">W pa\u017adzierniku 1996 roku Oddzia\u0142 Lubelski by\u0142 wsp\u00f3\u0142organizatorem sympozjum naukowego \u201eProblemy wsp\u00f3\u0142czesnej klimatologii i agrometeorologii regionu lubelskiego\u201d, w kt\u00f3rym uczestniczy\u0142o ok. 80 os\u00f3b. Na sesji wyg\u0142oszono 24 referaty i komunikaty oraz zaprezentowano 20 poster\u00f3w.<\/span><\/p>\n<p class=\"CDt4Ke zfr3Q\" dir=\"ltr\" style=\"text-align: justify\"><span class=\" gBYvFf\" style=\"font-size: 12pt;color: #000000\">W latach 2000-2008 przewodnicz\u0105cym Oddzia\u0142u by\u0142 dr Szczepan Mruga\u0142a, mi\u0119dzy 2009 a 2014 dr Eugeniusz Filipiuk, do 2020 r. dr Krzysztof Bartoszek, do 2024 r. dr Agnieszka Krzy\u017cewska, natomiast obecnie (od 2025 r.) funkcj\u0119 t\u0119 pe\u0142ni dr Sylwester Wereski.<\/span><\/p>\n<p class=\"CDt4Ke zfr3Q\" dir=\"ltr\" style=\"text-align: justify\"><span class=\" gBYvFf\" style=\"font-size: 12pt;color: #000000\">Od 2001 roku (co 5 lat) Oddzia\u0142 Lubelski jest wsp\u00f3\u0142organizatorem cyklicznych konferencji metodycznych p.t.: \u201eProblematyka pomiar\u00f3w i opracowa\u0144 element\u00f3w meteorologicznych\u201d. Konferencje te ciesz\u0105 si\u0119 du\u017cym zainteresowaniem niemal\u017ce wszystkich o\u015brodk\u00f3w akademickich oraz instytut\u00f3w badawczych. W 2004 r. Oddzia\u0142 Lubelski by\u0142 wsp\u00f3\u0142organizatorem \u201eSesji po\u015bwi\u0119conej pami\u0119ci prof. dr W\u0142odzimierza Zinkiewicza w 100 rocznic\u0119 Jego urodzin\u201d.<\/span><\/p>\n<p class=\"CDt4Ke zfr3Q\" dir=\"ltr\" style=\"text-align: justify\"><strong><span class=\" gBYvFf\" style=\"font-size: 12pt;color: #000000\">Obecnie Oddzia\u0142 Lubelski Polskiego Towarzystwa Geofizycznego liczy 18 os\u00f3b (stan na 15 marca 2025 r.), w tym 2 cz\u0142onk\u00f3w honorowych &#8211; prof. dr hab. Wojciech Warakomski (od 1996 roku) oraz prof. dr hab. Bogus\u0142aw M. Kaszewski (od 2021 r.).<\/span><\/strong><\/p>\n<p class=\"CDt4Ke zfr3Q\" dir=\"ltr\" style=\"text-align: justify\"><span class=\" gBYvFf\" style=\"font-size: 12pt;color: #000000\">Zgodnie ze statutem podstawow\u0105 form\u0105 dzia\u0142alno\u015bci Oddzia\u0142u jest popularyzacja geofizyki (w zakresie meteorologii i hydrologii). W ci\u0105gu niemal 70 lat dzia\u0142alno\u015bci Oddzia\u0142 Lubelski by\u0142 organizatorem lub wsp\u00f3\u0142organizatorem <strong>277<\/strong> posiedze\u0144 naukowych z referatami, w tym kilkunastu z referatami go\u015bci zagranicznych (stan na 25.03.2025). Najcz\u0119\u015bciej przy organizacji posiedze\u0144 wsp\u00f3\u0142pracowano z Oddzia\u0142em Lubelskim Polskiego Towarzystwa Geograficznego i Lubelskim Towarzystwem Naukowym, a tak\u017ce z PTBotanicznym, PTGeologicznym i PTGleboznawczym. Oddzia\u0142 Lubelski wsp\u00f3\u0142pracowa\u0142 r\u00f3wnie\u017c z Wy\u017csz\u0105 Szko\u0142\u0105 Oficersk\u0105 Si\u0142 Powietrznych w D\u0119blinie w zakresie wykorzystania komputer\u00f3w w meteorologii oraz organizacji \u015awiatowych Dni Meteorologii.<\/span><\/p>\n<p class=\"CDt4Ke zfr3Q\" dir=\"ltr\" style=\"text-align: justify\"><span class=\" gBYvFf\" style=\"font-size: 12pt;color: #000000\">Na zebraniach naukowych dominowa\u0142a tematyka meteorologiczna i klimatologiczna (ok. 85% referat\u00f3w), rzadziej referowano problemy hydrologiczne (oko\u0142o 10%).<\/span><\/p>\n<p class=\"CDt4Ke zfr3Q\" dir=\"ltr\" style=\"text-align: justify\"><span class=\" gBYvFf\" style=\"font-size: 12pt;color: #000000\">Najwi\u0119cej uwagi po\u015bwi\u0119cono wybranym elementom pogody i klimatu (parowanie, zachmurzenie), sprawozdaniom z konferencji naukowych i zjazd\u00f3w oraz tematyce og\u00f3lno klimatycznej i zagadnieniom metodycznym. Z problem\u00f3w hydrologicznych na czo\u0142o wysun\u0119\u0142y si\u0119 zagadnienia dotycz\u0105ce zasob\u00f3w wodnych. Spo\u015br\u00f3d prelegent\u00f3w, kt\u00f3rzy do 2009 r. referowali na zebraniach naukowych, najwi\u0119cej odczyt\u00f3w wyg\u0142osili: prof. dr hab. Wojciech Warakomski (25) i prof. dr W\u0142odzimierz Zinkiewicz (11).<\/span><\/p>\n<p class=\"CDt4Ke zfr3Q\" dir=\"ltr\" style=\"text-align: justify\"><span class=\" gBYvFf\" style=\"font-size: 12pt;color: #000000\">Podstaw\u0105 dzia\u0142alno\u015bci popularyzatorskiej by\u0142y (i s\u0105 nadal) pogadanki dla m\u0142odzie\u017cy szkolnej i akademickiej na temat s\u0142u\u017cby meteorologicznej w Polsce i na \u015bwiecie, po\u0142\u0105czone ze zwiedzaniem stacji meteorologicznych: UMCS i Uniwersytetu Przyrodniczego w Lublinie, a wcze\u015bniej tak\u017ce IMGW. Tego typu pogadanek by\u0142o ponad 700. Ponadto problematyka meteorologiczno-klimatologiczna jest szeroko propagowana w lokalnych i regionalnych \u015brodkach masowego przekazu (prasa, radio, telewizja).<\/span><\/p>\n<p class=\"CDt4Ke zfr3Q\" dir=\"ltr\" style=\"text-align: justify\"><span class=\" gBYvFf\" style=\"font-size: 12pt;color: #000000\">Od pocz\u0105tku istnienia Oddzia\u0142 korzysta z pomieszcze\u0144 Wydzia\u0142u Biologii i Nauk o Ziemi, a obecnie Wydzia\u0142u Nauk o Ziemi i Gospodarki Przestrzennej UMCS w Lublinie (Al. Kra\u015bnicka 2D).<\/span><\/p>\n","protected":false},"excerpt":{"rendered":"<p>Oddzia\u0142 Lubelski Polskiego Towarzystwa Geofizycznego powsta\u0142 17 maja 1956 roku z inicjatywy doc. dr W\u0142odzimierza Zinkiewicza. W sk\u0142ad pierwszego Zarz\u0105du Oddzia\u0142u wchodzili: doc. dr W\u0142odzimierz Zinkiewicz &#8211; przewodnicz\u0105cy, doc. dr Tadeusz Wilgat &#8211; z-ca przewodnicz\u0105cego, mgr Edward Michna &#8211; sekretarz&hellip;<\/p>\n","protected":false},"author":9,"featured_media":0,"parent":0,"menu_order":0,"comment_status":"closed","ping_status":"closed","template":"","meta":{"footnotes":""},"class_list":["post-1790","page","type-page","status-publish","hentry"],"_links":{"self":[{"href":"https:\/\/ptgeof.pl\/lublin\/index.php?rest_route=\/wp\/v2\/pages\/1790","targetHints":{"allow":["GET"]}}],"collection":[{"href":"https:\/\/ptgeof.pl\/lublin\/index.php?rest_route=\/wp\/v2\/pages"}],"about":[{"href":"https:\/\/ptgeof.pl\/lublin\/index.php?rest_route=\/wp\/v2\/types\/page"}],"author":[{"embeddable":true,"href":"https:\/\/ptgeof.pl\/lublin\/index.php?rest_route=\/wp\/v2\/users\/9"}],"replies":[{"embeddable":true,"href":"https:\/\/ptgeof.pl\/lublin\/index.php?rest_route=%2Fwp%2Fv2%2Fcomments&post=1790"}],"version-history":[{"count":7,"href":"https:\/\/ptgeof.pl\/lublin\/index.php?rest_route=\/wp\/v2\/pages\/1790\/revisions"}],"predecessor-version":[{"id":1879,"href":"https:\/\/ptgeof.pl\/lublin\/index.php?rest_route=\/wp\/v2\/pages\/1790\/revisions\/1879"}],"wp:attachment":[{"href":"https:\/\/ptgeof.pl\/lublin\/index.php?rest_route=%2Fwp%2Fv2%2Fmedia&parent=1790"}],"curies":[{"name":"wp","href":"https:\/\/api.w.org\/{rel}","templated":true}]}}