{"id":1786,"date":"2025-03-22T19:01:06","date_gmt":"2025-03-22T19:01:06","guid":{"rendered":"https:\/\/ptgeof.pl\/lublin\/?page_id=1786"},"modified":"2025-03-23T15:12:56","modified_gmt":"2025-03-23T15:12:56","slug":"linki","status":"publish","type":"page","link":"https:\/\/ptgeof.pl\/lublin\/?page_id=1786","title":{"rendered":"Linki"},"content":{"rendered":"<p class=\"zfr3Q CDt4Ke \" dir=\"ltr\"><span style=\"font-size: 12pt;color: #0000ff\"><a class=\"XqQF9c\" style=\"color: #0000ff\" href=\"https:\/\/www.facebook.com\/ptgeoflbn\" target=\"_blank\" rel=\"noopener\"><span class=\"gBYvFf C9DxTc aw5Odc \">Profil Oddzia\u0142u na Facebooku<\/span><\/a><\/span><\/p>\n<p class=\"zfr3Q CDt4Ke \" dir=\"ltr\"><span style=\"font-size: 12pt;color: #0000ff\"><a class=\"XqQF9c\" style=\"color: #0000ff\" href=\"https:\/\/ptgeof.pl\/\" target=\"_blank\" rel=\"noopener\"><span class=\"gBYvFf C9DxTc aw5Odc \">Strona g\u0142\u00f3wna Polskiego Towarzystwa Geofizycznego<\/span><\/a><\/span><\/p>\n<p class=\"zfr3Q CDt4Ke \" dir=\"ltr\"><span style=\"font-size: 12pt;color: #0000ff\"><a class=\"XqQF9c\" style=\"color: #0000ff\" href=\"https:\/\/ptgeof.pl\/?page_id=176\" target=\"_blank\" rel=\"noopener\"><span class=\"gBYvFf C9DxTc aw5Odc \">Przegl\u0105d Geofizyczny<\/span><\/a><\/span><\/p>\n<p dir=\"ltr\"><a href=\"https:\/\/ptgeof.pl\/?page_id=2857\"><span style=\"font-size: 12pt;color: #0000ff\"><span class=\"gBYvFf C9DxTc aw5Odc \">Konferencja_Krenologiczna_2023<\/span><\/span><\/a><\/p>\n<p dir=\"ltr\"><a href=\"https:\/\/ptgeof.pl\/?page_id=546\"><span style=\"font-size: 12pt;color: #0000ff\"><span class=\"gBYvFf C9DxTc aw5Odc \">Konferencja_Lublin_2022<\/span><\/span><\/a><\/p>\n<p class=\"zfr3Q CDt4Ke \" dir=\"ltr\"><span style=\"font-size: 12pt;color: #0000ff\"><a class=\"XqQF9c\" style=\"color: #0000ff\" href=\"http:\/\/meteo.imgw.pl\/\" target=\"_blank\" rel=\"noopener\"><span class=\"gBYvFf C9DxTc aw5Odc \">Meteo IMGW<\/span><\/a><\/span><\/p>\n<p dir=\"ltr\"><span style=\"color: #0000ff;font-size: 10pt\"><a style=\"color: #0000ff\" href=\"https:\/\/sites.google.com\/view\/lublinptgeof\/strona-g\u0142\u00f3wna?authuser=0\">Stara strona Oddzia\u0142u<\/a><\/span><\/p>\n","protected":false},"excerpt":{"rendered":"<p>Profil Oddzia\u0142u na Facebooku Strona g\u0142\u00f3wna Polskiego Towarzystwa Geofizycznego Przegl\u0105d Geofizyczny Konferencja_Krenologiczna_2023 Konferencja_Lublin_2022 Meteo IMGW Stara strona Oddzia\u0142u<\/p>\n","protected":false},"author":9,"featured_media":0,"parent":0,"menu_order":0,"comment_status":"closed","ping_status":"closed","template":"","meta":{"footnotes":""},"class_list":["post-1786","page","type-page","status-publish","hentry"],"_links":{"self":[{"href":"https:\/\/ptgeof.pl\/lublin\/index.php?rest_route=\/wp\/v2\/pages\/1786","targetHints":{"allow":["GET"]}}],"collection":[{"href":"https:\/\/ptgeof.pl\/lublin\/index.php?rest_route=\/wp\/v2\/pages"}],"about":[{"href":"https:\/\/ptgeof.pl\/lublin\/index.php?rest_route=\/wp\/v2\/types\/page"}],"author":[{"embeddable":true,"href":"https:\/\/ptgeof.pl\/lublin\/index.php?rest_route=\/wp\/v2\/users\/9"}],"replies":[{"embeddable":true,"href":"https:\/\/ptgeof.pl\/lublin\/index.php?rest_route=%2Fwp%2Fv2%2Fcomments&post=1786"}],"version-history":[{"count":8,"href":"https:\/\/ptgeof.pl\/lublin\/index.php?rest_route=\/wp\/v2\/pages\/1786\/revisions"}],"predecessor-version":[{"id":1853,"href":"https:\/\/ptgeof.pl\/lublin\/index.php?rest_route=\/wp\/v2\/pages\/1786\/revisions\/1853"}],"wp:attachment":[{"href":"https:\/\/ptgeof.pl\/lublin\/index.php?rest_route=%2Fwp%2Fv2%2Fmedia&parent=1786"}],"curies":[{"name":"wp","href":"https:\/\/api.w.org\/{rel}","templated":true}]}}