{"id":1779,"date":"2025-03-22T18:36:06","date_gmt":"2025-03-22T18:36:06","guid":{"rendered":"https:\/\/ptgeof.pl\/lublin\/?page_id=1779"},"modified":"2025-06-04T08:37:56","modified_gmt":"2025-06-04T08:37:56","slug":"skladki","status":"publish","type":"page","link":"https:\/\/ptgeof.pl\/lublin\/?page_id=1779","title":{"rendered":"Sk\u0142adki"},"content":{"rendered":"<p><span style=\"color: #000000;font-size: 12pt\">Wysoko\u015b\u0107 rocznej sk\u0142adki za rok 2026 i kolejne:<br \/>\n\u2013 Cz\u0142onkowie PTGeof. \u2013 90 z\u0142<br \/>\n\u2013 Cz\u0142onkowie PTGeof. emeryci \u2013 55 z\u0142<br \/>\n\u2013 Studenci, doktoranci \u2013 40 z\u0142<br \/>\n\u2013 EMS \u2013 10 z\u0142<br \/>\nWpisowe dla wst\u0119puj\u0105cych os\u00f3b wynosi 20 z\u0142.<\/span><\/p>\n<p><span style=\"color: #000000;font-size: 12pt\"><strong>Uwaga!<\/strong> Sk\u0142adki cz\u0142onkowskie za rok kolejny nale\u017cy uiszcza\u0107 poprzez przelew bankowy na konto Towarzystwa:<\/span><\/p>\n<p><strong><span style=\"color: #000000;font-size: 12pt\">NestBank: 67 2530 0008 2090 1078 3262 0001<\/span><\/strong><\/p>\n<p><span style=\"color: #000000;font-size: 12pt\">W tytule wp\u0142aty koniecznie trzeba poda\u0107: imi\u0119 i nazwisko, nazw\u0119 oddzia\u0142u oraz za jaki rok jest wp\u0142acana sk\u0142adka.<\/span><\/p>\n<p><span style=\"color: #000000;font-size: 12pt\">Je\u015bli chcecie Pa\u0144stwo zosta\u0107 cz\u0142onkami PTGeof., nale\u017cy wype\u0142ni\u0107 deklaracj\u0119 i przekaza\u0107 j\u0105 do naszego Oddzia\u0142u.<\/span><\/p>\n<p><span style=\"color: #000000;font-size: 12pt\">Plik z deklaracj\u0105 kandydata na cz\u0142onka PTGeof. mo\u017cna pobra\u0107 tu: <\/span><span style=\"font-size: 12pt;color: #ffffff\"><a style=\"color: #ffffff\" href=\"http:\/\/ptgeof.pl\/wp-content\/uploads\/2024\/03\/DEKLARACJA.pdf\" class=\"mtli_attachment mtli_pdf\"><strong>Deklaracja<\/strong><\/a><\/span><\/p>\n","protected":false},"excerpt":{"rendered":"<p>Wysoko\u015b\u0107 rocznej sk\u0142adki za rok 2026 i kolejne: \u2013 Cz\u0142onkowie PTGeof. \u2013 90 z\u0142 \u2013 Cz\u0142onkowie PTGeof. emeryci \u2013 55 z\u0142 \u2013 Studenci, doktoranci \u2013 40 z\u0142 \u2013 EMS \u2013 10 z\u0142 Wpisowe dla wst\u0119puj\u0105cych os\u00f3b wynosi 20 z\u0142. Uwaga!&hellip;<\/p>\n","protected":false},"author":9,"featured_media":0,"parent":0,"menu_order":0,"comment_status":"closed","ping_status":"closed","template":"","meta":{"footnotes":""},"class_list":["post-1779","page","type-page","status-publish","hentry"],"_links":{"self":[{"href":"https:\/\/ptgeof.pl\/lublin\/index.php?rest_route=\/wp\/v2\/pages\/1779","targetHints":{"allow":["GET"]}}],"collection":[{"href":"https:\/\/ptgeof.pl\/lublin\/index.php?rest_route=\/wp\/v2\/pages"}],"about":[{"href":"https:\/\/ptgeof.pl\/lublin\/index.php?rest_route=\/wp\/v2\/types\/page"}],"author":[{"embeddable":true,"href":"https:\/\/ptgeof.pl\/lublin\/index.php?rest_route=\/wp\/v2\/users\/9"}],"replies":[{"embeddable":true,"href":"https:\/\/ptgeof.pl\/lublin\/index.php?rest_route=%2Fwp%2Fv2%2Fcomments&post=1779"}],"version-history":[{"count":3,"href":"https:\/\/ptgeof.pl\/lublin\/index.php?rest_route=\/wp\/v2\/pages\/1779\/revisions"}],"predecessor-version":[{"id":1911,"href":"https:\/\/ptgeof.pl\/lublin\/index.php?rest_route=\/wp\/v2\/pages\/1779\/revisions\/1911"}],"wp:attachment":[{"href":"https:\/\/ptgeof.pl\/lublin\/index.php?rest_route=%2Fwp%2Fv2%2Fmedia&parent=1779"}],"curies":[{"name":"wp","href":"https:\/\/api.w.org\/{rel}","templated":true}]}}