{"id":1757,"date":"2025-03-22T12:15:36","date_gmt":"2025-03-22T12:15:36","guid":{"rendered":"https:\/\/ptgeof.pl\/lublin\/?page_id=1757"},"modified":"2025-03-22T18:30:25","modified_gmt":"2025-03-22T18:30:25","slug":"kontakt","status":"publish","type":"page","link":"https:\/\/ptgeof.pl\/lublin\/?page_id=1757","title":{"rendered":"Kontakt"},"content":{"rendered":"<p class=\"zfr3Q CDt4Ke \" dir=\"ltr\" style=\"text-align: justify\"><span class=\"gBYvFf C9DxTc \" style=\"color: #000000;font-size: 14pt\">Polskie Towarzystwo Geofizyczne &#8211; Oddzia\u0142 Lubelski<br \/>\n<\/span><span class=\"gBYvFf C9DxTc \" style=\"color: #000000;font-size: 14pt\">Wydzia\u0142 Nauk o Ziemi i Gospodarki Przestrzennej<br \/>\n<\/span><span class=\"gBYvFf C9DxTc \" style=\"color: #000000;font-size: 14pt\">Katedra Hydrologii i Klimatologii<br \/>\n<\/span><span class=\"gBYvFf C9DxTc \" style=\"color: #000000;font-size: 14pt\">Al. Kra\u015bnicka 2D<br \/>\n<\/span><span class=\"gBYvFf C9DxTc \" style=\"color: #000000;font-size: 14pt\">20-718 Lublin<\/span><\/p>\n<p class=\"zfr3Q CDt4Ke \" dir=\"ltr\" style=\"text-align: justify\"><span style=\"color: #000000;font-size: 14pt\"><span class=\"gBYvFf C9DxTc \">e-mail:\u00a0<\/span><a class=\"XqQF9c\" style=\"color: #000000\" href=\"mailto:lublin.ptgeof@gmail.com\" target=\"_blank\" rel=\"noopener\"><span class=\"gBYvFf C9DxTc aw5Odc \"><span style=\"color: #0000ff\">lublin.ptgeof@gmail.com<\/span><\/span><\/a><span class=\"gBYvFf C9DxTc \"> ; <span style=\"color: #0000ff\"><a class=\"XqQF9c\" style=\"color: #0000ff\" href=\"mailto:sylwester.wereski@umcs.pl\" target=\"_blank\" rel=\"noopener\"><span class=\"gBYvFf C9DxTc aw5Odc \">sylwester.wereski@umcs.pl<\/span><\/a><\/span><\/span><\/span><\/p>\n","protected":false},"excerpt":{"rendered":"<p>Polskie Towarzystwo Geofizyczne &#8211; Oddzia\u0142 Lubelski Wydzia\u0142 Nauk o Ziemi i Gospodarki Przestrzennej Katedra Hydrologii i Klimatologii Al. Kra\u015bnicka 2D 20-718 Lublin e-mail:\u00a0lublin.ptgeof@gmail.com ; sylwester.wereski@umcs.pl<\/p>\n","protected":false},"author":9,"featured_media":0,"parent":0,"menu_order":0,"comment_status":"closed","ping_status":"closed","template":"","meta":{"footnotes":""},"class_list":["post-1757","page","type-page","status-publish","hentry"],"_links":{"self":[{"href":"https:\/\/ptgeof.pl\/lublin\/index.php?rest_route=\/wp\/v2\/pages\/1757","targetHints":{"allow":["GET"]}}],"collection":[{"href":"https:\/\/ptgeof.pl\/lublin\/index.php?rest_route=\/wp\/v2\/pages"}],"about":[{"href":"https:\/\/ptgeof.pl\/lublin\/index.php?rest_route=\/wp\/v2\/types\/page"}],"author":[{"embeddable":true,"href":"https:\/\/ptgeof.pl\/lublin\/index.php?rest_route=\/wp\/v2\/users\/9"}],"replies":[{"embeddable":true,"href":"https:\/\/ptgeof.pl\/lublin\/index.php?rest_route=%2Fwp%2Fv2%2Fcomments&post=1757"}],"version-history":[{"count":1,"href":"https:\/\/ptgeof.pl\/lublin\/index.php?rest_route=\/wp\/v2\/pages\/1757\/revisions"}],"predecessor-version":[{"id":1758,"href":"https:\/\/ptgeof.pl\/lublin\/index.php?rest_route=\/wp\/v2\/pages\/1757\/revisions\/1758"}],"wp:attachment":[{"href":"https:\/\/ptgeof.pl\/lublin\/index.php?rest_route=%2Fwp%2Fv2%2Fmedia&parent=1757"}],"curies":[{"name":"wp","href":"https:\/\/api.w.org\/{rel}","templated":true}]}}