{"id":522,"date":"2022-09-16T07:42:44","date_gmt":"2022-09-16T07:42:44","guid":{"rendered":"http:\/\/ptgeof.pl\/?page_id=522"},"modified":"2022-09-16T07:42:44","modified_gmt":"2022-09-16T07:42:44","slug":"plenarne-zebranie-ptgeof-2018","status":"publish","type":"page","link":"https:\/\/ptgeof.pl\/?page_id=522","title":{"rendered":"Plenarne Zebranie PTGeof. 2018"},"content":{"rendered":"<h1 style=\"text-align: center\"><span style=\"color: #000000\"><strong>Plenarne zebranie Zarz\u0105du G\u0142\u00f3wnego Polskiego Towarzystwa Geofizycznego z udzia\u0142em Przewodnicz\u0105cych Oddzia\u0142\u00f3w<\/strong><\/span><\/h1>\n<h2 style=\"text-align: center\"><span style=\"color: #000000\"><strong>Warszawa, 2018.02.26<\/strong><\/span><\/h2>\n<p><img loading=\"lazy\" decoding=\"async\" class=\" wp-image-523 aligncenter\" src=\"http:\/\/ptgeof.pl\/wp-content\/uploads\/2022\/09\/plenarne2018-300x193.jpg\" alt=\"aa\" width=\"632\" height=\"406\" srcset=\"https:\/\/ptgeof.pl\/wp-content\/uploads\/2022\/09\/plenarne2018-300x193.jpg 300w, https:\/\/ptgeof.pl\/wp-content\/uploads\/2022\/09\/plenarne2018-1024x657.jpg 1024w, https:\/\/ptgeof.pl\/wp-content\/uploads\/2022\/09\/plenarne2018-768x493.jpg 768w, https:\/\/ptgeof.pl\/wp-content\/uploads\/2022\/09\/plenarne2018-1536x986.jpg 1536w, https:\/\/ptgeof.pl\/wp-content\/uploads\/2022\/09\/plenarne2018-2048x1314.jpg 2048w, https:\/\/ptgeof.pl\/wp-content\/uploads\/2022\/09\/plenarne2018-800x513.jpg 800w\" sizes=\"auto, (max-width: 632px) 100vw, 632px\" \/><\/p>\n","protected":false},"excerpt":{"rendered":"<p>Plenarne zebranie Zarz\u0105du G\u0142\u00f3wnego Polskiego Towarzystwa Geofizycznego z udzia\u0142em Przewodnicz\u0105cych Oddzia\u0142\u00f3w Warszawa, 2018.02.26<\/p>\n","protected":false},"author":3,"featured_media":0,"parent":0,"menu_order":0,"comment_status":"closed","ping_status":"closed","template":"","meta":{"footnotes":""},"class_list":["post-522","page","type-page","status-publish","hentry"],"_links":{"self":[{"href":"https:\/\/ptgeof.pl\/index.php?rest_route=\/wp\/v2\/pages\/522","targetHints":{"allow":["GET"]}}],"collection":[{"href":"https:\/\/ptgeof.pl\/index.php?rest_route=\/wp\/v2\/pages"}],"about":[{"href":"https:\/\/ptgeof.pl\/index.php?rest_route=\/wp\/v2\/types\/page"}],"author":[{"embeddable":true,"href":"https:\/\/ptgeof.pl\/index.php?rest_route=\/wp\/v2\/users\/3"}],"replies":[{"embeddable":true,"href":"https:\/\/ptgeof.pl\/index.php?rest_route=%2Fwp%2Fv2%2Fcomments&post=522"}],"version-history":[{"count":1,"href":"https:\/\/ptgeof.pl\/index.php?rest_route=\/wp\/v2\/pages\/522\/revisions"}],"predecessor-version":[{"id":524,"href":"https:\/\/ptgeof.pl\/index.php?rest_route=\/wp\/v2\/pages\/522\/revisions\/524"}],"wp:attachment":[{"href":"https:\/\/ptgeof.pl\/index.php?rest_route=%2Fwp%2Fv2%2Fmedia&parent=522"}],"curies":[{"name":"wp","href":"https:\/\/api.w.org\/{rel}","templated":true}]}}