{"id":519,"date":"2022-09-16T07:38:23","date_gmt":"2022-09-16T07:38:23","guid":{"rendered":"http:\/\/ptgeof.pl\/?page_id=519"},"modified":"2025-03-23T14:30:38","modified_gmt":"2025-03-23T14:30:38","slug":"dzien-meteorologii-i-dzien-wody-2018","status":"publish","type":"page","link":"https:\/\/ptgeof.pl\/?page_id=519","title":{"rendered":"Dzie\u0144 Meteorologii i Dzie\u0144 Wody 2018"},"content":{"rendered":"<p style=\"text-align: justify\"><span style=\"color: #000000;font-size: 12pt\">21 marca 2018 roku w siedzibie Instytutu Meteorologii i Gospodarki Wodnej &#8211; Pa\u0144stwowego Instytutu Badawczego w Warszawie, w sali im. prof. Gabriela Narutowicza odby\u0142a si\u0119 sesja naukowa z okazji\u00a0<strong>\u015awiatowego Dnia Meteorologii i \u015awiatowego Dnia Wody.<\/strong><\/span><\/p>\n<p style=\"text-align: justify\"><span style=\"color: #000000;font-size: 12pt\">Uczestnik\u00f3w spotkania przywita\u0142a Pani Anna Moskwa &#8211; Podsekretarz Stanu w Ministerstwie Gospodarki Morskiej i \u017beglugi \u015ar\u00f3dl\u0105dowej wraz z Panem dr in\u017c. Przemys\u0142aw \u0141agodzki &#8211; Dyrektorem IMGW-PIB.<\/span><\/p>\n<p style=\"text-align: justify\"><span style=\"color: #000000;font-size: 12pt\">Referaty wyg\u0142osili:<\/span><\/p>\n<ul>\n<li style=\"text-align: justify\"><span style=\"color: #000000;font-size: 12pt\">prof. dr hab. Halina Lorenc (PTGeof.)<em> \u2013 Chro\u0144my klimat.<\/em><\/span><\/li>\n<li style=\"text-align: justify\"><span style=\"color: #000000;font-size: 12pt\">dr in\u017c. Pawe\u0142 Wilk (IMGW-PIB) \u2013\u00a0<em>Obszary zurbanizowane i ich wp\u0142yw na ilo\u015b\u0107 i jako\u015b\u0107 w\u00f3d powierzchniowych w kontek\u015bcie prognozowanych zmian klimatu \u2013 wykorzystanie modelu SWAT.<\/em><\/span><\/li>\n<li style=\"text-align: justify\"><span style=\"color: #000000;font-size: 12pt\">mgr Bogdan Bochenek (IMGW-PIB) \u2013\u00a0<em>Walidacja i wdro\u017cenie hydrologiczno-meteorologicznych modeli CROCUS I ISBA-ES zapasu wody w pokrywie \u015bnie\u017cnej oraz jej wysoko\u015bci dla ma\u0142ych i du\u017cych zlewni w Polsce.<\/em><\/span><\/li>\n<li style=\"text-align: justify\"><span style=\"color: #000000;font-size: 12pt\">mgr Bogumi\u0142 Nowak (IMGW-PIB) \u2013\u00a0<em>Ocena stopnia zaniku jezior w Polsce \u015brodkowo-zachodniej i czynnik\u00f3w odpowiedzialnych za to zjawisko.<\/em><\/span><\/li>\n<\/ul>\n<h3 style=\"text-align: center\"><span style=\"color: #000000\">Fotorelacja z obchod\u00f3w w Oddziale Warszawskim<\/span><\/h3>\n<p><img loading=\"lazy\" decoding=\"async\" class=\"alignnone size-medium wp-image-518\" src=\"http:\/\/ptgeof.pl\/wp-content\/uploads\/2022\/09\/IMG_0269-300x172.jpg\" alt=\"aa\" width=\"300\" height=\"172\" srcset=\"https:\/\/ptgeof.pl\/wp-content\/uploads\/2022\/09\/IMG_0269-300x172.jpg 300w, https:\/\/ptgeof.pl\/wp-content\/uploads\/2022\/09\/IMG_0269-1024x587.jpg 1024w, https:\/\/ptgeof.pl\/wp-content\/uploads\/2022\/09\/IMG_0269-768x440.jpg 768w, https:\/\/ptgeof.pl\/wp-content\/uploads\/2022\/09\/IMG_0269-1536x880.jpg 1536w, https:\/\/ptgeof.pl\/wp-content\/uploads\/2022\/09\/IMG_0269-2048x1174.jpg 2048w, https:\/\/ptgeof.pl\/wp-content\/uploads\/2022\/09\/IMG_0269-800x458.jpg 800w\" sizes=\"auto, (max-width: 300px) 100vw, 300px\" \/> <img loading=\"lazy\" decoding=\"async\" class=\"alignnone size-medium wp-image-517\" src=\"http:\/\/ptgeof.pl\/wp-content\/uploads\/2022\/09\/IMG_0264-300x181.jpg\" alt=\"aa\" width=\"300\" height=\"181\" srcset=\"https:\/\/ptgeof.pl\/wp-content\/uploads\/2022\/09\/IMG_0264-300x181.jpg 300w, https:\/\/ptgeof.pl\/wp-content\/uploads\/2022\/09\/IMG_0264-1024x618.jpg 1024w, https:\/\/ptgeof.pl\/wp-content\/uploads\/2022\/09\/IMG_0264-768x463.jpg 768w, https:\/\/ptgeof.pl\/wp-content\/uploads\/2022\/09\/IMG_0264-1536x926.jpg 1536w, https:\/\/ptgeof.pl\/wp-content\/uploads\/2022\/09\/IMG_0264-2048x1235.jpg 2048w, https:\/\/ptgeof.pl\/wp-content\/uploads\/2022\/09\/IMG_0264-800x482.jpg 800w\" sizes=\"auto, (max-width: 300px) 100vw, 300px\" \/> <img loading=\"lazy\" decoding=\"async\" class=\"alignnone size-medium wp-image-516\" src=\"http:\/\/ptgeof.pl\/wp-content\/uploads\/2022\/09\/IMG_0260_-300x186.jpg\" alt=\"aa\" width=\"300\" height=\"186\" srcset=\"https:\/\/ptgeof.pl\/wp-content\/uploads\/2022\/09\/IMG_0260_-300x186.jpg 300w, https:\/\/ptgeof.pl\/wp-content\/uploads\/2022\/09\/IMG_0260_-1024x637.jpg 1024w, https:\/\/ptgeof.pl\/wp-content\/uploads\/2022\/09\/IMG_0260_-768x477.jpg 768w, https:\/\/ptgeof.pl\/wp-content\/uploads\/2022\/09\/IMG_0260_-1536x955.jpg 1536w, https:\/\/ptgeof.pl\/wp-content\/uploads\/2022\/09\/IMG_0260_-2048x1273.jpg 2048w, https:\/\/ptgeof.pl\/wp-content\/uploads\/2022\/09\/IMG_0260_-800x497.jpg 800w\" sizes=\"auto, (max-width: 300px) 100vw, 300px\" \/> <img loading=\"lazy\" decoding=\"async\" class=\"alignnone size-medium wp-image-515\" src=\"http:\/\/ptgeof.pl\/wp-content\/uploads\/2022\/09\/IMG_0258-300x187.jpg\" alt=\"aa\" width=\"300\" height=\"187\" srcset=\"https:\/\/ptgeof.pl\/wp-content\/uploads\/2022\/09\/IMG_0258-300x187.jpg 300w, https:\/\/ptgeof.pl\/wp-content\/uploads\/2022\/09\/IMG_0258-1024x638.jpg 1024w, https:\/\/ptgeof.pl\/wp-content\/uploads\/2022\/09\/IMG_0258-768x479.jpg 768w, https:\/\/ptgeof.pl\/wp-content\/uploads\/2022\/09\/IMG_0258-1536x958.jpg 1536w, https:\/\/ptgeof.pl\/wp-content\/uploads\/2022\/09\/IMG_0258-2048x1277.jpg 2048w, https:\/\/ptgeof.pl\/wp-content\/uploads\/2022\/09\/IMG_0258-800x499.jpg 800w\" sizes=\"auto, (max-width: 300px) 100vw, 300px\" \/> <img loading=\"lazy\" decoding=\"async\" class=\"alignnone size-medium wp-image-514\" src=\"http:\/\/ptgeof.pl\/wp-content\/uploads\/2022\/09\/IMG_0257-300x203.jpg\" alt=\"aa\" width=\"300\" height=\"203\" srcset=\"https:\/\/ptgeof.pl\/wp-content\/uploads\/2022\/09\/IMG_0257-300x203.jpg 300w, https:\/\/ptgeof.pl\/wp-content\/uploads\/2022\/09\/IMG_0257-1024x694.jpg 1024w, https:\/\/ptgeof.pl\/wp-content\/uploads\/2022\/09\/IMG_0257-768x521.jpg 768w, https:\/\/ptgeof.pl\/wp-content\/uploads\/2022\/09\/IMG_0257-1536x1041.jpg 1536w, https:\/\/ptgeof.pl\/wp-content\/uploads\/2022\/09\/IMG_0257-2048x1388.jpg 2048w, https:\/\/ptgeof.pl\/wp-content\/uploads\/2022\/09\/IMG_0257-800x542.jpg 800w\" sizes=\"auto, (max-width: 300px) 100vw, 300px\" \/> <img loading=\"lazy\" decoding=\"async\" class=\"alignnone size-medium wp-image-513\" src=\"http:\/\/ptgeof.pl\/wp-content\/uploads\/2022\/09\/IMG_0254-300x191.jpg\" alt=\"aa\" width=\"300\" height=\"191\" srcset=\"https:\/\/ptgeof.pl\/wp-content\/uploads\/2022\/09\/IMG_0254-300x191.jpg 300w, https:\/\/ptgeof.pl\/wp-content\/uploads\/2022\/09\/IMG_0254-1024x652.jpg 1024w, https:\/\/ptgeof.pl\/wp-content\/uploads\/2022\/09\/IMG_0254-768x489.jpg 768w, https:\/\/ptgeof.pl\/wp-content\/uploads\/2022\/09\/IMG_0254-1536x977.jpg 1536w, https:\/\/ptgeof.pl\/wp-content\/uploads\/2022\/09\/IMG_0254-2048x1303.jpg 2048w, https:\/\/ptgeof.pl\/wp-content\/uploads\/2022\/09\/IMG_0254-800x509.jpg 800w\" sizes=\"auto, (max-width: 300px) 100vw, 300px\" \/> <img loading=\"lazy\" decoding=\"async\" class=\"alignnone size-medium wp-image-512\" src=\"http:\/\/ptgeof.pl\/wp-content\/uploads\/2022\/09\/IMG_0252-300x179.jpg\" alt=\"aa\" width=\"300\" height=\"179\" srcset=\"https:\/\/ptgeof.pl\/wp-content\/uploads\/2022\/09\/IMG_0252-300x179.jpg 300w, https:\/\/ptgeof.pl\/wp-content\/uploads\/2022\/09\/IMG_0252-1024x613.jpg 1024w, https:\/\/ptgeof.pl\/wp-content\/uploads\/2022\/09\/IMG_0252-768x459.jpg 768w, https:\/\/ptgeof.pl\/wp-content\/uploads\/2022\/09\/IMG_0252-1536x919.jpg 1536w, https:\/\/ptgeof.pl\/wp-content\/uploads\/2022\/09\/IMG_0252-2048x1225.jpg 2048w, https:\/\/ptgeof.pl\/wp-content\/uploads\/2022\/09\/IMG_0252-800x479.jpg 800w\" sizes=\"auto, (max-width: 300px) 100vw, 300px\" \/><\/p>\n","protected":false},"excerpt":{"rendered":"<p>21 marca 2018 roku w siedzibie Instytutu Meteorologii i Gospodarki Wodnej &#8211; Pa\u0144stwowego Instytutu Badawczego w Warszawie, w sali im. prof. Gabriela Narutowicza odby\u0142a si\u0119 sesja naukowa z okazji\u00a0\u015awiatowego Dnia Meteorologii i \u015awiatowego Dnia Wody. Uczestnik\u00f3w spotkania przywita\u0142a Pani Anna&hellip;<\/p>\n","protected":false},"author":3,"featured_media":0,"parent":0,"menu_order":0,"comment_status":"closed","ping_status":"closed","template":"","meta":{"footnotes":""},"class_list":["post-519","page","type-page","status-publish","hentry"],"_links":{"self":[{"href":"https:\/\/ptgeof.pl\/index.php?rest_route=\/wp\/v2\/pages\/519","targetHints":{"allow":["GET"]}}],"collection":[{"href":"https:\/\/ptgeof.pl\/index.php?rest_route=\/wp\/v2\/pages"}],"about":[{"href":"https:\/\/ptgeof.pl\/index.php?rest_route=\/wp\/v2\/types\/page"}],"author":[{"embeddable":true,"href":"https:\/\/ptgeof.pl\/index.php?rest_route=\/wp\/v2\/users\/3"}],"replies":[{"embeddable":true,"href":"https:\/\/ptgeof.pl\/index.php?rest_route=%2Fwp%2Fv2%2Fcomments&post=519"}],"version-history":[{"count":3,"href":"https:\/\/ptgeof.pl\/index.php?rest_route=\/wp\/v2\/pages\/519\/revisions"}],"predecessor-version":[{"id":2883,"href":"https:\/\/ptgeof.pl\/index.php?rest_route=\/wp\/v2\/pages\/519\/revisions\/2883"}],"wp:attachment":[{"href":"https:\/\/ptgeof.pl\/index.php?rest_route=%2Fwp%2Fv2%2Fmedia&parent=519"}],"curies":[{"name":"wp","href":"https:\/\/api.w.org\/{rel}","templated":true}]}}