{"id":479,"date":"2022-09-16T07:24:37","date_gmt":"2022-09-16T07:24:37","guid":{"rendered":"http:\/\/ptgeof.pl\/?page_id=479"},"modified":"2025-03-23T14:31:19","modified_gmt":"2025-03-23T14:31:19","slug":"konferencja-6-7-czerwca-2019","status":"publish","type":"page","link":"https:\/\/ptgeof.pl\/?page_id=479","title":{"rendered":"Konferencja 6-7 czerwca 2019"},"content":{"rendered":"<h1 style=\"text-align: center\"><strong><span style=\"color: #000000\">Og\u00f3lnopolska Konferencja<\/span><\/strong><br \/>\n<strong><span style=\"color: #000000\">&#8222;Wsp\u00f3\u0142czesne problemy klimatu Polski&#8221;<\/span><\/strong><br \/>\n<span style=\"font-size: 12pt\"><strong><span style=\"color: #000000\">Warszawa, IMGW, 6-7 czerwca 2019<\/span><\/strong><\/span><\/h1>\n<p><img loading=\"lazy\" decoding=\"async\" class=\"alignnone size-medium wp-image-508\" src=\"http:\/\/ptgeof.pl\/wp-content\/uploads\/2022\/09\/IMG_0435a-300x191.jpg\" alt=\"aa\" width=\"300\" height=\"191\" srcset=\"https:\/\/ptgeof.pl\/wp-content\/uploads\/2022\/09\/IMG_0435a-300x191.jpg 300w, https:\/\/ptgeof.pl\/wp-content\/uploads\/2022\/09\/IMG_0435a-1024x653.jpg 1024w, https:\/\/ptgeof.pl\/wp-content\/uploads\/2022\/09\/IMG_0435a-768x490.jpg 768w, https:\/\/ptgeof.pl\/wp-content\/uploads\/2022\/09\/IMG_0435a-1536x979.jpg 1536w, https:\/\/ptgeof.pl\/wp-content\/uploads\/2022\/09\/IMG_0435a-800x510.jpg 800w, https:\/\/ptgeof.pl\/wp-content\/uploads\/2022\/09\/IMG_0435a.jpg 1771w\" sizes=\"auto, (max-width: 300px) 100vw, 300px\" \/> <img loading=\"lazy\" decoding=\"async\" class=\"alignnone size-medium wp-image-507\" src=\"http:\/\/ptgeof.pl\/wp-content\/uploads\/2022\/09\/IMG_0439a-1-300x192.jpg\" alt=\"aa\" width=\"300\" height=\"192\" srcset=\"https:\/\/ptgeof.pl\/wp-content\/uploads\/2022\/09\/IMG_0439a-1-300x192.jpg 300w, https:\/\/ptgeof.pl\/wp-content\/uploads\/2022\/09\/IMG_0439a-1-768x491.jpg 768w, https:\/\/ptgeof.pl\/wp-content\/uploads\/2022\/09\/IMG_0439a-1-800x511.jpg 800w, https:\/\/ptgeof.pl\/wp-content\/uploads\/2022\/09\/IMG_0439a-1.jpg 894w\" sizes=\"auto, (max-width: 300px) 100vw, 300px\" \/> <img loading=\"lazy\" decoding=\"async\" class=\"alignnone size-medium wp-image-505\" src=\"http:\/\/ptgeof.pl\/wp-content\/uploads\/2022\/09\/IMG_0445a-300x187.jpg\" alt=\"aa\" width=\"300\" height=\"187\" srcset=\"https:\/\/ptgeof.pl\/wp-content\/uploads\/2022\/09\/IMG_0445a-300x187.jpg 300w, https:\/\/ptgeof.pl\/wp-content\/uploads\/2022\/09\/IMG_0445a-768x480.jpg 768w, https:\/\/ptgeof.pl\/wp-content\/uploads\/2022\/09\/IMG_0445a-800x500.jpg 800w, https:\/\/ptgeof.pl\/wp-content\/uploads\/2022\/09\/IMG_0445a.jpg 884w\" sizes=\"auto, (max-width: 300px) 100vw, 300px\" \/> <img loading=\"lazy\" decoding=\"async\" class=\"alignnone size-medium wp-image-506\" src=\"http:\/\/ptgeof.pl\/wp-content\/uploads\/2022\/09\/IMG_0441a-300x191.jpg\" alt=\"aa\" width=\"300\" height=\"191\" srcset=\"https:\/\/ptgeof.pl\/wp-content\/uploads\/2022\/09\/IMG_0441a-300x191.jpg 300w, https:\/\/ptgeof.pl\/wp-content\/uploads\/2022\/09\/IMG_0441a-768x489.jpg 768w, https:\/\/ptgeof.pl\/wp-content\/uploads\/2022\/09\/IMG_0441a-800x509.jpg 800w, https:\/\/ptgeof.pl\/wp-content\/uploads\/2022\/09\/IMG_0441a.jpg 867w\" sizes=\"auto, (max-width: 300px) 100vw, 300px\" \/> <img loading=\"lazy\" decoding=\"async\" class=\"alignnone size-medium wp-image-504\" src=\"http:\/\/ptgeof.pl\/wp-content\/uploads\/2022\/09\/IMG_0449a-300x188.jpg\" alt=\"aa\" width=\"300\" height=\"188\" srcset=\"https:\/\/ptgeof.pl\/wp-content\/uploads\/2022\/09\/IMG_0449a-300x188.jpg 300w, https:\/\/ptgeof.pl\/wp-content\/uploads\/2022\/09\/IMG_0449a-768x483.jpg 768w, https:\/\/ptgeof.pl\/wp-content\/uploads\/2022\/09\/IMG_0449a-800x503.jpg 800w, https:\/\/ptgeof.pl\/wp-content\/uploads\/2022\/09\/IMG_0449a-320x202.jpg 320w, https:\/\/ptgeof.pl\/wp-content\/uploads\/2022\/09\/IMG_0449a-700x441.jpg 700w, https:\/\/ptgeof.pl\/wp-content\/uploads\/2022\/09\/IMG_0449a.jpg 877w\" sizes=\"auto, (max-width: 300px) 100vw, 300px\" \/> <img loading=\"lazy\" decoding=\"async\" class=\"alignnone size-medium wp-image-502\" src=\"http:\/\/ptgeof.pl\/wp-content\/uploads\/2022\/09\/IMG_0457a-300x191.jpg\" alt=\"aa\" width=\"300\" height=\"191\" srcset=\"https:\/\/ptgeof.pl\/wp-content\/uploads\/2022\/09\/IMG_0457a-300x191.jpg 300w, https:\/\/ptgeof.pl\/wp-content\/uploads\/2022\/09\/IMG_0457a-768x490.jpg 768w, https:\/\/ptgeof.pl\/wp-content\/uploads\/2022\/09\/IMG_0457a-800x510.jpg 800w, https:\/\/ptgeof.pl\/wp-content\/uploads\/2022\/09\/IMG_0457a.jpg 894w\" sizes=\"auto, (max-width: 300px) 100vw, 300px\" \/> <img loading=\"lazy\" decoding=\"async\" class=\"alignnone size-medium wp-image-503\" src=\"http:\/\/ptgeof.pl\/wp-content\/uploads\/2022\/09\/IMG_0452a-300x191.jpg\" alt=\"aa\" width=\"300\" height=\"191\" srcset=\"https:\/\/ptgeof.pl\/wp-content\/uploads\/2022\/09\/IMG_0452a-300x191.jpg 300w, https:\/\/ptgeof.pl\/wp-content\/uploads\/2022\/09\/IMG_0452a-768x490.jpg 768w, https:\/\/ptgeof.pl\/wp-content\/uploads\/2022\/09\/IMG_0452a-800x510.jpg 800w, https:\/\/ptgeof.pl\/wp-content\/uploads\/2022\/09\/IMG_0452a.jpg 894w\" sizes=\"auto, (max-width: 300px) 100vw, 300px\" \/> <img loading=\"lazy\" decoding=\"async\" class=\"alignnone size-medium wp-image-501\" src=\"http:\/\/ptgeof.pl\/wp-content\/uploads\/2022\/09\/IMG_0460a-300x191.jpg\" alt=\"aa\" width=\"300\" height=\"191\" srcset=\"https:\/\/ptgeof.pl\/wp-content\/uploads\/2022\/09\/IMG_0460a-300x191.jpg 300w, https:\/\/ptgeof.pl\/wp-content\/uploads\/2022\/09\/IMG_0460a-768x490.jpg 768w, https:\/\/ptgeof.pl\/wp-content\/uploads\/2022\/09\/IMG_0460a-800x510.jpg 800w, https:\/\/ptgeof.pl\/wp-content\/uploads\/2022\/09\/IMG_0460a.jpg 894w\" sizes=\"auto, (max-width: 300px) 100vw, 300px\" \/> <img loading=\"lazy\" decoding=\"async\" class=\"alignnone size-medium wp-image-500\" src=\"http:\/\/ptgeof.pl\/wp-content\/uploads\/2022\/09\/IMG_0461a-300x191.jpg\" alt=\"aa\" width=\"300\" height=\"191\" srcset=\"https:\/\/ptgeof.pl\/wp-content\/uploads\/2022\/09\/IMG_0461a-300x191.jpg 300w, https:\/\/ptgeof.pl\/wp-content\/uploads\/2022\/09\/IMG_0461a-768x490.jpg 768w, https:\/\/ptgeof.pl\/wp-content\/uploads\/2022\/09\/IMG_0461a-800x510.jpg 800w, https:\/\/ptgeof.pl\/wp-content\/uploads\/2022\/09\/IMG_0461a.jpg 894w\" sizes=\"auto, (max-width: 300px) 100vw, 300px\" \/> <img loading=\"lazy\" decoding=\"async\" class=\"alignnone size-medium wp-image-498\" src=\"http:\/\/ptgeof.pl\/wp-content\/uploads\/2022\/09\/IMG_0465a-200x300.jpg\" alt=\"aa\" width=\"200\" height=\"300\" srcset=\"https:\/\/ptgeof.pl\/wp-content\/uploads\/2022\/09\/IMG_0465a-200x300.jpg 200w, https:\/\/ptgeof.pl\/wp-content\/uploads\/2022\/09\/IMG_0465a.jpg 648w\" sizes=\"auto, (max-width: 200px) 100vw, 200px\" \/> <img loading=\"lazy\" decoding=\"async\" class=\"alignnone size-medium wp-image-499\" src=\"http:\/\/ptgeof.pl\/wp-content\/uploads\/2022\/09\/IMG_0464a-300x195.jpg\" alt=\"aa\" width=\"300\" height=\"195\" srcset=\"https:\/\/ptgeof.pl\/wp-content\/uploads\/2022\/09\/IMG_0464a-300x195.jpg 300w, https:\/\/ptgeof.pl\/wp-content\/uploads\/2022\/09\/IMG_0464a-768x499.jpg 768w, https:\/\/ptgeof.pl\/wp-content\/uploads\/2022\/09\/IMG_0464a-800x520.jpg 800w, https:\/\/ptgeof.pl\/wp-content\/uploads\/2022\/09\/IMG_0464a.jpg 910w\" sizes=\"auto, (max-width: 300px) 100vw, 300px\" \/> <img loading=\"lazy\" decoding=\"async\" class=\"alignnone size-medium wp-image-497\" src=\"http:\/\/ptgeof.pl\/wp-content\/uploads\/2022\/09\/IMG_0468a-300x200.jpg\" alt=\"aa\" width=\"300\" height=\"200\" srcset=\"https:\/\/ptgeof.pl\/wp-content\/uploads\/2022\/09\/IMG_0468a-300x200.jpg 300w, https:\/\/ptgeof.pl\/wp-content\/uploads\/2022\/09\/IMG_0468a-768x512.jpg 768w, https:\/\/ptgeof.pl\/wp-content\/uploads\/2022\/09\/IMG_0468a-800x533.jpg 800w, https:\/\/ptgeof.pl\/wp-content\/uploads\/2022\/09\/IMG_0468a.jpg 972w\" sizes=\"auto, (max-width: 300px) 100vw, 300px\" \/> <img loading=\"lazy\" decoding=\"async\" class=\"alignnone size-medium wp-image-495\" src=\"http:\/\/ptgeof.pl\/wp-content\/uploads\/2022\/09\/IMG_0470a-300x191.jpg\" alt=\"aa\" width=\"300\" height=\"191\" srcset=\"https:\/\/ptgeof.pl\/wp-content\/uploads\/2022\/09\/IMG_0470a-300x191.jpg 300w, https:\/\/ptgeof.pl\/wp-content\/uploads\/2022\/09\/IMG_0470a-768x490.jpg 768w, https:\/\/ptgeof.pl\/wp-content\/uploads\/2022\/09\/IMG_0470a-800x510.jpg 800w, https:\/\/ptgeof.pl\/wp-content\/uploads\/2022\/09\/IMG_0470a.jpg 894w\" sizes=\"auto, (max-width: 300px) 100vw, 300px\" \/> <img loading=\"lazy\" decoding=\"async\" class=\"alignnone size-medium wp-image-496\" src=\"http:\/\/ptgeof.pl\/wp-content\/uploads\/2022\/09\/IMG_0469a-300x192.jpg\" alt=\"aa\" width=\"300\" height=\"192\" srcset=\"https:\/\/ptgeof.pl\/wp-content\/uploads\/2022\/09\/IMG_0469a-300x192.jpg 300w, https:\/\/ptgeof.pl\/wp-content\/uploads\/2022\/09\/IMG_0469a-768x491.jpg 768w, https:\/\/ptgeof.pl\/wp-content\/uploads\/2022\/09\/IMG_0469a-800x511.jpg 800w, https:\/\/ptgeof.pl\/wp-content\/uploads\/2022\/09\/IMG_0469a.jpg 898w\" sizes=\"auto, (max-width: 300px) 100vw, 300px\" \/> <img loading=\"lazy\" decoding=\"async\" class=\"alignnone size-medium wp-image-494\" src=\"http:\/\/ptgeof.pl\/wp-content\/uploads\/2022\/09\/IMG_0472a-300x188.jpg\" alt=\"aa\" width=\"300\" height=\"188\" srcset=\"https:\/\/ptgeof.pl\/wp-content\/uploads\/2022\/09\/IMG_0472a-300x188.jpg 300w, https:\/\/ptgeof.pl\/wp-content\/uploads\/2022\/09\/IMG_0472a-768x480.jpg 768w, https:\/\/ptgeof.pl\/wp-content\/uploads\/2022\/09\/IMG_0472a-800x500.jpg 800w, https:\/\/ptgeof.pl\/wp-content\/uploads\/2022\/09\/IMG_0472a-320x202.jpg 320w, https:\/\/ptgeof.pl\/wp-content\/uploads\/2022\/09\/IMG_0472a-700x441.jpg 700w, https:\/\/ptgeof.pl\/wp-content\/uploads\/2022\/09\/IMG_0472a.jpg 958w\" sizes=\"auto, (max-width: 300px) 100vw, 300px\" \/> <img loading=\"lazy\" decoding=\"async\" class=\"alignnone size-medium wp-image-493\" src=\"http:\/\/ptgeof.pl\/wp-content\/uploads\/2022\/09\/IMG_0473a-300x191.jpg\" alt=\"aa\" width=\"300\" height=\"191\" srcset=\"https:\/\/ptgeof.pl\/wp-content\/uploads\/2022\/09\/IMG_0473a-300x191.jpg 300w, https:\/\/ptgeof.pl\/wp-content\/uploads\/2022\/09\/IMG_0473a-768x490.jpg 768w, https:\/\/ptgeof.pl\/wp-content\/uploads\/2022\/09\/IMG_0473a-800x510.jpg 800w, https:\/\/ptgeof.pl\/wp-content\/uploads\/2022\/09\/IMG_0473a.jpg 894w\" sizes=\"auto, (max-width: 300px) 100vw, 300px\" \/> <img loading=\"lazy\" decoding=\"async\" class=\"alignnone size-medium wp-image-492\" src=\"http:\/\/ptgeof.pl\/wp-content\/uploads\/2022\/09\/IMG_0476a-300x197.jpg\" alt=\"aa\" width=\"300\" height=\"197\" srcset=\"https:\/\/ptgeof.pl\/wp-content\/uploads\/2022\/09\/IMG_0476a-300x197.jpg 300w, https:\/\/ptgeof.pl\/wp-content\/uploads\/2022\/09\/IMG_0476a-768x504.jpg 768w, https:\/\/ptgeof.pl\/wp-content\/uploads\/2022\/09\/IMG_0476a-800x525.jpg 800w, https:\/\/ptgeof.pl\/wp-content\/uploads\/2022\/09\/IMG_0476a.jpg 910w\" sizes=\"auto, (max-width: 300px) 100vw, 300px\" \/> <img loading=\"lazy\" decoding=\"async\" class=\"alignnone size-medium wp-image-491\" src=\"http:\/\/ptgeof.pl\/wp-content\/uploads\/2022\/09\/IMG_0479a-300x191.jpg\" alt=\"aa\" width=\"300\" height=\"191\" srcset=\"https:\/\/ptgeof.pl\/wp-content\/uploads\/2022\/09\/IMG_0479a-300x191.jpg 300w, https:\/\/ptgeof.pl\/wp-content\/uploads\/2022\/09\/IMG_0479a-768x490.jpg 768w, https:\/\/ptgeof.pl\/wp-content\/uploads\/2022\/09\/IMG_0479a-800x510.jpg 800w, https:\/\/ptgeof.pl\/wp-content\/uploads\/2022\/09\/IMG_0479a.jpg 894w\" sizes=\"auto, (max-width: 300px) 100vw, 300px\" \/> <img loading=\"lazy\" decoding=\"async\" class=\"alignnone size-medium wp-image-490\" src=\"http:\/\/ptgeof.pl\/wp-content\/uploads\/2022\/09\/IMG_0480a-300x181.jpg\" alt=\"aa\" width=\"300\" height=\"181\" srcset=\"https:\/\/ptgeof.pl\/wp-content\/uploads\/2022\/09\/IMG_0480a-300x181.jpg 300w, https:\/\/ptgeof.pl\/wp-content\/uploads\/2022\/09\/IMG_0480a-768x463.jpg 768w, https:\/\/ptgeof.pl\/wp-content\/uploads\/2022\/09\/IMG_0480a-800x483.jpg 800w, https:\/\/ptgeof.pl\/wp-content\/uploads\/2022\/09\/IMG_0480a.jpg 817w\" sizes=\"auto, (max-width: 300px) 100vw, 300px\" \/> <img loading=\"lazy\" decoding=\"async\" class=\"alignnone size-medium wp-image-488\" src=\"http:\/\/ptgeof.pl\/wp-content\/uploads\/2022\/09\/IMG_0485a-300x194.jpg\" alt=\"aa\" width=\"300\" height=\"194\" srcset=\"https:\/\/ptgeof.pl\/wp-content\/uploads\/2022\/09\/IMG_0485a-300x194.jpg 300w, https:\/\/ptgeof.pl\/wp-content\/uploads\/2022\/09\/IMG_0485a-768x498.jpg 768w, https:\/\/ptgeof.pl\/wp-content\/uploads\/2022\/09\/IMG_0485a-800x518.jpg 800w, https:\/\/ptgeof.pl\/wp-content\/uploads\/2022\/09\/IMG_0485a.jpg 858w\" sizes=\"auto, (max-width: 300px) 100vw, 300px\" \/> <img loading=\"lazy\" decoding=\"async\" class=\"alignnone size-medium wp-image-487\" src=\"http:\/\/ptgeof.pl\/wp-content\/uploads\/2022\/09\/IMG_0487a-300x191.jpg\" alt=\"aa\" width=\"300\" height=\"191\" srcset=\"https:\/\/ptgeof.pl\/wp-content\/uploads\/2022\/09\/IMG_0487a-300x191.jpg 300w, https:\/\/ptgeof.pl\/wp-content\/uploads\/2022\/09\/IMG_0487a-768x490.jpg 768w, https:\/\/ptgeof.pl\/wp-content\/uploads\/2022\/09\/IMG_0487a-800x510.jpg 800w, https:\/\/ptgeof.pl\/wp-content\/uploads\/2022\/09\/IMG_0487a.jpg 894w\" sizes=\"auto, (max-width: 300px) 100vw, 300px\" \/> <img loading=\"lazy\" decoding=\"async\" class=\"alignnone size-medium wp-image-486\" src=\"http:\/\/ptgeof.pl\/wp-content\/uploads\/2022\/09\/IMG_0490a-300x192.jpg\" alt=\"aa\" width=\"300\" height=\"192\" srcset=\"https:\/\/ptgeof.pl\/wp-content\/uploads\/2022\/09\/IMG_0490a-300x192.jpg 300w, https:\/\/ptgeof.pl\/wp-content\/uploads\/2022\/09\/IMG_0490a-768x492.jpg 768w, https:\/\/ptgeof.pl\/wp-content\/uploads\/2022\/09\/IMG_0490a-800x512.jpg 800w, https:\/\/ptgeof.pl\/wp-content\/uploads\/2022\/09\/IMG_0490a.jpg 850w\" sizes=\"auto, (max-width: 300px) 100vw, 300px\" \/> <img loading=\"lazy\" decoding=\"async\" class=\"alignnone size-medium wp-image-485\" src=\"http:\/\/ptgeof.pl\/wp-content\/uploads\/2022\/09\/IMG_0491a-300x181.jpg\" alt=\"aa\" width=\"300\" height=\"181\" srcset=\"https:\/\/ptgeof.pl\/wp-content\/uploads\/2022\/09\/IMG_0491a-300x181.jpg 300w, https:\/\/ptgeof.pl\/wp-content\/uploads\/2022\/09\/IMG_0491a-768x463.jpg 768w, https:\/\/ptgeof.pl\/wp-content\/uploads\/2022\/09\/IMG_0491a-800x483.jpg 800w, https:\/\/ptgeof.pl\/wp-content\/uploads\/2022\/09\/IMG_0491a.jpg 807w\" sizes=\"auto, (max-width: 300px) 100vw, 300px\" \/> <img loading=\"lazy\" decoding=\"async\" class=\"alignnone size-medium wp-image-484\" src=\"http:\/\/ptgeof.pl\/wp-content\/uploads\/2022\/09\/IMG_0492a-300x177.jpg\" alt=\"aa\" width=\"300\" height=\"177\" srcset=\"https:\/\/ptgeof.pl\/wp-content\/uploads\/2022\/09\/IMG_0492a-300x177.jpg 300w, https:\/\/ptgeof.pl\/wp-content\/uploads\/2022\/09\/IMG_0492a-768x454.jpg 768w, https:\/\/ptgeof.pl\/wp-content\/uploads\/2022\/09\/IMG_0492a-800x473.jpg 800w, https:\/\/ptgeof.pl\/wp-content\/uploads\/2022\/09\/IMG_0492a.jpg 887w\" sizes=\"auto, (max-width: 300px) 100vw, 300px\" \/> <img loading=\"lazy\" decoding=\"async\" class=\"alignnone size-medium wp-image-483\" src=\"http:\/\/ptgeof.pl\/wp-content\/uploads\/2022\/09\/IMG_0493a-300x190.jpg\" alt=\"aa\" width=\"300\" height=\"190\" srcset=\"https:\/\/ptgeof.pl\/wp-content\/uploads\/2022\/09\/IMG_0493a-300x190.jpg 300w, https:\/\/ptgeof.pl\/wp-content\/uploads\/2022\/09\/IMG_0493a-768x487.jpg 768w, https:\/\/ptgeof.pl\/wp-content\/uploads\/2022\/09\/IMG_0493a-800x507.jpg 800w, https:\/\/ptgeof.pl\/wp-content\/uploads\/2022\/09\/IMG_0493a-320x202.jpg 320w, https:\/\/ptgeof.pl\/wp-content\/uploads\/2022\/09\/IMG_0493a-700x441.jpg 700w, https:\/\/ptgeof.pl\/wp-content\/uploads\/2022\/09\/IMG_0493a.jpg 872w\" sizes=\"auto, (max-width: 300px) 100vw, 300px\" \/> <img loading=\"lazy\" decoding=\"async\" class=\"alignnone size-medium wp-image-482\" src=\"http:\/\/ptgeof.pl\/wp-content\/uploads\/2022\/09\/IMG_0494a-300x195.jpg\" alt=\"aa\" width=\"300\" height=\"195\" srcset=\"https:\/\/ptgeof.pl\/wp-content\/uploads\/2022\/09\/IMG_0494a-300x195.jpg 300w, https:\/\/ptgeof.pl\/wp-content\/uploads\/2022\/09\/IMG_0494a-768x499.jpg 768w, https:\/\/ptgeof.pl\/wp-content\/uploads\/2022\/09\/IMG_0494a-800x520.jpg 800w, https:\/\/ptgeof.pl\/wp-content\/uploads\/2022\/09\/IMG_0494a.jpg 919w\" sizes=\"auto, (max-width: 300px) 100vw, 300px\" \/><img loading=\"lazy\" decoding=\"async\" class=\"alignnone wp-image-489\" style=\"font-size: 1rem\" src=\"http:\/\/ptgeof.pl\/wp-content\/uploads\/2022\/09\/IMG_0484a-300x192.jpg\" alt=\"aa\" width=\"603\" height=\"386\" srcset=\"https:\/\/ptgeof.pl\/wp-content\/uploads\/2022\/09\/IMG_0484a-300x192.jpg 300w, https:\/\/ptgeof.pl\/wp-content\/uploads\/2022\/09\/IMG_0484a-1024x655.jpg 1024w, https:\/\/ptgeof.pl\/wp-content\/uploads\/2022\/09\/IMG_0484a-768x491.jpg 768w, https:\/\/ptgeof.pl\/wp-content\/uploads\/2022\/09\/IMG_0484a-1536x982.jpg 1536w, https:\/\/ptgeof.pl\/wp-content\/uploads\/2022\/09\/IMG_0484a-800x512.jpg 800w, https:\/\/ptgeof.pl\/wp-content\/uploads\/2022\/09\/IMG_0484a.jpg 1681w\" sizes=\"auto, (max-width: 603px) 100vw, 603px\" \/><\/p>\n","protected":false},"excerpt":{"rendered":"<p>Og\u00f3lnopolska Konferencja &#8222;Wsp\u00f3\u0142czesne problemy klimatu Polski&#8221; Warszawa, IMGW, 6-7 czerwca 2019<\/p>\n","protected":false},"author":3,"featured_media":0,"parent":0,"menu_order":0,"comment_status":"closed","ping_status":"closed","template":"","meta":{"footnotes":""},"class_list":["post-479","page","type-page","status-publish","hentry"],"_links":{"self":[{"href":"https:\/\/ptgeof.pl\/index.php?rest_route=\/wp\/v2\/pages\/479","targetHints":{"allow":["GET"]}}],"collection":[{"href":"https:\/\/ptgeof.pl\/index.php?rest_route=\/wp\/v2\/pages"}],"about":[{"href":"https:\/\/ptgeof.pl\/index.php?rest_route=\/wp\/v2\/types\/page"}],"author":[{"embeddable":true,"href":"https:\/\/ptgeof.pl\/index.php?rest_route=\/wp\/v2\/users\/3"}],"replies":[{"embeddable":true,"href":"https:\/\/ptgeof.pl\/index.php?rest_route=%2Fwp%2Fv2%2Fcomments&post=479"}],"version-history":[{"count":6,"href":"https:\/\/ptgeof.pl\/index.php?rest_route=\/wp\/v2\/pages\/479\/revisions"}],"predecessor-version":[{"id":2884,"href":"https:\/\/ptgeof.pl\/index.php?rest_route=\/wp\/v2\/pages\/479\/revisions\/2884"}],"wp:attachment":[{"href":"https:\/\/ptgeof.pl\/index.php?rest_route=%2Fwp%2Fv2%2Fmedia&parent=479"}],"curies":[{"name":"wp","href":"https:\/\/api.w.org\/{rel}","templated":true}]}}