{"id":373,"date":"2022-09-15T11:45:28","date_gmt":"2022-09-15T11:45:28","guid":{"rendered":"http:\/\/ptgeof.pl\/?page_id=373"},"modified":"2022-09-15T11:45:28","modified_gmt":"2022-09-15T11:45:28","slug":"informacje-zarzadu-glownego","status":"publish","type":"page","link":"https:\/\/ptgeof.pl\/?page_id=373","title":{"rendered":"Informacje Zarz\u0105du G\u0142\u00f3wnego"},"content":{"rendered":"<p style=\"text-align: justify\"><span style=\"color: #000000\">Zamieszczone tu s\u0105 w kolejnych zak\u0142adkach.<\/span><\/p>\n<p style=\"text-align: justify\"><span style=\"color: #000000\"><strong>Plany pracy towarzystwa,\u00a0<\/strong>informacje o planach wieloletnich i rocznych, o Walnym Zgromadzeniu Cz\u0142onk\u00f3w Towarzystwa, zebraniach plenarnych, zebraniach Zarz\u0105du i jego Prezydium.<\/span><\/p>\n<p style=\"text-align: justify\"><span style=\"color: #000000\"><strong>Sprawozdania \u2013\u00a0<\/strong>zak\u0142adka zawiera sprawozdania roczne i wieloletnie opracowane na podstawie sprawozda\u0144 Oddzia\u0142\u00f3w.<\/span><\/p>\n<p style=\"text-align: justify\"><span style=\"color: #000000\"><strong>Protoko\u0142y<\/strong>\u00a0\u2013 zak\u0142adka zawiera protoko\u0142y ze wszystkich zebra\u0144 zorganizowanych przez Zarz\u0105d G\u0142\u00f3wny.<\/span><\/p>\n","protected":false},"excerpt":{"rendered":"<p>Zamieszczone tu s\u0105 w kolejnych zak\u0142adkach. Plany pracy towarzystwa,\u00a0informacje o planach wieloletnich i rocznych, o Walnym Zgromadzeniu Cz\u0142onk\u00f3w Towarzystwa, zebraniach plenarnych, zebraniach Zarz\u0105du i jego Prezydium. Sprawozdania \u2013\u00a0zak\u0142adka zawiera sprawozdania roczne i wieloletnie opracowane na podstawie sprawozda\u0144 Oddzia\u0142\u00f3w. Protoko\u0142y\u00a0\u2013 zak\u0142adka&hellip;<\/p>\n","protected":false},"author":3,"featured_media":0,"parent":0,"menu_order":0,"comment_status":"closed","ping_status":"closed","template":"","meta":{"footnotes":""},"class_list":["post-373","page","type-page","status-publish","hentry"],"_links":{"self":[{"href":"https:\/\/ptgeof.pl\/index.php?rest_route=\/wp\/v2\/pages\/373","targetHints":{"allow":["GET"]}}],"collection":[{"href":"https:\/\/ptgeof.pl\/index.php?rest_route=\/wp\/v2\/pages"}],"about":[{"href":"https:\/\/ptgeof.pl\/index.php?rest_route=\/wp\/v2\/types\/page"}],"author":[{"embeddable":true,"href":"https:\/\/ptgeof.pl\/index.php?rest_route=\/wp\/v2\/users\/3"}],"replies":[{"embeddable":true,"href":"https:\/\/ptgeof.pl\/index.php?rest_route=%2Fwp%2Fv2%2Fcomments&post=373"}],"version-history":[{"count":1,"href":"https:\/\/ptgeof.pl\/index.php?rest_route=\/wp\/v2\/pages\/373\/revisions"}],"predecessor-version":[{"id":374,"href":"https:\/\/ptgeof.pl\/index.php?rest_route=\/wp\/v2\/pages\/373\/revisions\/374"}],"wp:attachment":[{"href":"https:\/\/ptgeof.pl\/index.php?rest_route=%2Fwp%2Fv2%2Fmedia&parent=373"}],"curies":[{"name":"wp","href":"https:\/\/api.w.org\/{rel}","templated":true}]}}