{"id":337,"date":"2022-09-15T10:43:27","date_gmt":"2022-09-15T10:43:27","guid":{"rendered":"http:\/\/ptgeof.pl\/?page_id=337"},"modified":"2025-03-05T21:43:55","modified_gmt":"2025-03-05T21:43:55","slug":"kwartalnik-towarzystwa","status":"publish","type":"page","link":"https:\/\/ptgeof.pl\/?page_id=337","title":{"rendered":"Kwartalnik Towarzystwa"},"content":{"rendered":"<h1 style=\"text-align: justify\"><span style=\"color: #000000\">Sta\u0142y organ wydawniczy<strong><br \/>\n<\/strong><\/span><\/h1>\n<p style=\"text-align: justify\"><span style=\"color: #000000\">Szczeg\u00f3ln\u0105 dzia\u0142alno\u015bci\u0105 publikacyjn\u0105 jest sta\u0142e wydawanie czasopisma\u00a0<em>Przegl\u0105d Geofizyczny<\/em>, kt\u00f3ry ukazuje si\u0119 nieprzerwanie od 1948 roku pocz\u0105tkowo pod nazw\u0105\u00a0<em>Przegl\u0105d Meteorologiczny i Hydrologiczny<\/em>.<\/span><\/p>\n<h1 style=\"text-align: justify\"><span style=\"color: #000000\"><img loading=\"lazy\" decoding=\"async\" class=\"alignnone wp-image-361\" src=\"http:\/\/ptgeof.pl\/wp-content\/uploads\/2022\/09\/przeg-HM-206x300.jpg\" alt=\"decorative\" width=\"171\" height=\"249\" srcset=\"https:\/\/ptgeof.pl\/wp-content\/uploads\/2022\/09\/przeg-HM-206x300.jpg 206w, https:\/\/ptgeof.pl\/wp-content\/uploads\/2022\/09\/przeg-HM.jpg 702w\" sizes=\"auto, (max-width: 171px) 100vw, 171px\" \/><img loading=\"lazy\" decoding=\"async\" class=\"alignnone wp-image-357\" style=\"font-size: 1rem\" src=\"http:\/\/ptgeof.pl\/wp-content\/uploads\/2022\/09\/przeg-Geo-203x300.jpg\" alt=\"\" width=\"170\" height=\"251\" srcset=\"https:\/\/ptgeof.pl\/wp-content\/uploads\/2022\/09\/przeg-Geo-203x300.jpg 203w, https:\/\/ptgeof.pl\/wp-content\/uploads\/2022\/09\/przeg-Geo.jpg 694w\" sizes=\"auto, (max-width: 170px) 100vw, 170px\" \/><\/span><\/h1>\n<p style=\"text-align: justify\"><span style=\"color: #000000\">Zmiana tytu\u0142u czasopisma wynika\u0142a z przekszta\u0142cenia Polskiego Towarzystwa Meteorologicznego i Hydrologicznego w Polskie Towarzystwo Geofizyczne i rozszerzenia spektrum badawczego. Redaktorami naczelnymi czasopisma byli wybitni uczeni:<\/span><br \/>\n<span style=\"color: #000000\">\u2022 (1948-1950) &#8211; prof. dr hab. W\u0142adys\u0142aw Gorczy\u0144ski,<\/span><br \/>\n<span style=\"color: #000000\">\u2022 (1950-1954) &#8211; prof. dr hab. Edward Stenz,<\/span><br \/>\n<span style=\"color: #000000\">\u2022 (1955-1972) &#8211; prof. dr hab. Ananiasz Rojecki,<\/span><br \/>\n<span style=\"color: #000000\">\u2022 (1972-1980) &#8211; prof. dr hab. Marian Molga,<\/span><br \/>\n<span style=\"color: #000000\">\u2022 (1980-2010) &#8211; prof. dr hab. Zdzis\u0142aw Mikulski,<\/span><br \/>\n<span style=\"color: #000000\">\u2022 (2011-2017) &#8211; dr Ewa Bogdanowicz<\/span><br \/>\n<span style=\"color: #000000\">\u2022 (od 2017) &#8211; prof. dr hab. Zbigniew Czechowski<\/span><\/p>\n<p style=\"text-align: justify\"><span style=\"color: #000000\">Wi\u0119cej szczeg\u00f3\u0142\u00f3w na temat czasopisma oraz opublikowane zeszyty mo\u017cna znale\u017a\u0107 w zak\u0142adce <span style=\"color: #0000ff\"><strong><a style=\"color: #0000ff;text-decoration: underline\" href=\"http:\/\/ptgeof.pl\/?page_id=263\" target=\"_blank\" rel=\"noopener\">Przegl\u0105d Geofizyczny<\/a><\/strong><\/span>.<\/span><\/p>\n","protected":false},"excerpt":{"rendered":"<p>Sta\u0142y organ wydawniczy Szczeg\u00f3ln\u0105 dzia\u0142alno\u015bci\u0105 publikacyjn\u0105 jest sta\u0142e wydawanie czasopisma\u00a0Przegl\u0105d Geofizyczny, kt\u00f3ry ukazuje si\u0119 nieprzerwanie od 1948 roku pocz\u0105tkowo pod nazw\u0105\u00a0Przegl\u0105d Meteorologiczny i Hydrologiczny. Zmiana tytu\u0142u czasopisma wynika\u0142a z przekszta\u0142cenia Polskiego Towarzystwa Meteorologicznego i Hydrologicznego w Polskie Towarzystwo Geofizyczne i&hellip;<\/p>\n","protected":false},"author":3,"featured_media":0,"parent":0,"menu_order":0,"comment_status":"closed","ping_status":"closed","template":"","meta":{"footnotes":""},"class_list":["post-337","page","type-page","status-publish","hentry"],"_links":{"self":[{"href":"https:\/\/ptgeof.pl\/index.php?rest_route=\/wp\/v2\/pages\/337","targetHints":{"allow":["GET"]}}],"collection":[{"href":"https:\/\/ptgeof.pl\/index.php?rest_route=\/wp\/v2\/pages"}],"about":[{"href":"https:\/\/ptgeof.pl\/index.php?rest_route=\/wp\/v2\/types\/page"}],"author":[{"embeddable":true,"href":"https:\/\/ptgeof.pl\/index.php?rest_route=\/wp\/v2\/users\/3"}],"replies":[{"embeddable":true,"href":"https:\/\/ptgeof.pl\/index.php?rest_route=%2Fwp%2Fv2%2Fcomments&post=337"}],"version-history":[{"count":7,"href":"https:\/\/ptgeof.pl\/index.php?rest_route=\/wp\/v2\/pages\/337\/revisions"}],"predecessor-version":[{"id":2811,"href":"https:\/\/ptgeof.pl\/index.php?rest_route=\/wp\/v2\/pages\/337\/revisions\/2811"}],"wp:attachment":[{"href":"https:\/\/ptgeof.pl\/index.php?rest_route=%2Fwp%2Fv2%2Fmedia&parent=337"}],"curies":[{"name":"wp","href":"https:\/\/api.w.org\/{rel}","templated":true}]}}