{"id":2895,"date":"2025-03-23T14:58:14","date_gmt":"2025-03-23T14:58:14","guid":{"rendered":"https:\/\/ptgeof.pl\/?page_id=2895"},"modified":"2025-03-23T15:02:40","modified_gmt":"2025-03-23T15:02:40","slug":"konferencja-krakow-2022","status":"publish","type":"page","link":"https:\/\/ptgeof.pl\/?page_id=2895","title":{"rendered":"Konferencja Krak\u00f3w 2022"},"content":{"rendered":"<p style=\"text-align: center\"><span style=\"font-size: 14pt\"><strong><span style=\"color: #000000\">Konferencja Naukowa: &#8222;<em>Pogoda i klimat \u2013 przesz\u0142o\u015b\u0107, tera\u017aniejszo\u015b\u0107, przysz\u0142o\u015b\u0107&#8221;<br \/>\n<\/em><\/span><span style=\"color: #000000;font-size: 12pt\">Krak\u00f3w, 21-23 wrze\u015bnia 2022<\/span><\/strong><\/span><\/p>\n<div class=\"wp-block-image\"><img loading=\"lazy\" decoding=\"async\" class=\"wpa-warning wpa-image-missing-alt alignnone size-full wp-image-2892\" src=\"http:\/\/ptgeof.pl\/wp-content\/uploads\/2025\/03\/Schowek_03-23-2025_01-scaled.jpg\" alt=\"\" width=\"2560\" height=\"1707\" data-warning=\"Missing alt text\" srcset=\"https:\/\/ptgeof.pl\/wp-content\/uploads\/2025\/03\/Schowek_03-23-2025_01-scaled.jpg 2560w, https:\/\/ptgeof.pl\/wp-content\/uploads\/2025\/03\/Schowek_03-23-2025_01-300x200.jpg 300w, https:\/\/ptgeof.pl\/wp-content\/uploads\/2025\/03\/Schowek_03-23-2025_01-1024x683.jpg 1024w, https:\/\/ptgeof.pl\/wp-content\/uploads\/2025\/03\/Schowek_03-23-2025_01-768x512.jpg 768w, https:\/\/ptgeof.pl\/wp-content\/uploads\/2025\/03\/Schowek_03-23-2025_01-1536x1024.jpg 1536w, https:\/\/ptgeof.pl\/wp-content\/uploads\/2025\/03\/Schowek_03-23-2025_01-2048x1365.jpg 2048w, https:\/\/ptgeof.pl\/wp-content\/uploads\/2025\/03\/Schowek_03-23-2025_01-800x533.jpg 800w\" sizes=\"auto, (max-width: 2560px) 100vw, 2560px\" \/><\/div>\n<div class=\"wp-block-image\"><img loading=\"lazy\" decoding=\"async\" class=\"wpa-warning wpa-image-missing-alt alignnone size-full wp-image-2896\" src=\"http:\/\/ptgeof.pl\/wp-content\/uploads\/2025\/03\/480745390_1260683315527646_8324287423425405202_n.jpg\" alt=\"\" width=\"2048\" height=\"1538\" data-warning=\"Missing alt text\" srcset=\"https:\/\/ptgeof.pl\/wp-content\/uploads\/2025\/03\/480745390_1260683315527646_8324287423425405202_n.jpg 2048w, https:\/\/ptgeof.pl\/wp-content\/uploads\/2025\/03\/480745390_1260683315527646_8324287423425405202_n-300x225.jpg 300w, https:\/\/ptgeof.pl\/wp-content\/uploads\/2025\/03\/480745390_1260683315527646_8324287423425405202_n-1024x769.jpg 1024w, https:\/\/ptgeof.pl\/wp-content\/uploads\/2025\/03\/480745390_1260683315527646_8324287423425405202_n-768x577.jpg 768w, https:\/\/ptgeof.pl\/wp-content\/uploads\/2025\/03\/480745390_1260683315527646_8324287423425405202_n-1536x1154.jpg 1536w, https:\/\/ptgeof.pl\/wp-content\/uploads\/2025\/03\/480745390_1260683315527646_8324287423425405202_n-800x601.jpg 800w, https:\/\/ptgeof.pl\/wp-content\/uploads\/2025\/03\/480745390_1260683315527646_8324287423425405202_n-400x300.jpg 400w\" sizes=\"auto, (max-width: 2048px) 100vw, 2048px\" \/><\/div>\n<div class=\"wp-block-image\"><img loading=\"lazy\" decoding=\"async\" class=\"wpa-warning wpa-image-missing-alt alignnone size-full wp-image-2894\" src=\"http:\/\/ptgeof.pl\/wp-content\/uploads\/2025\/03\/480368358_1260683788860932_1622891971593456822_n.jpg\" alt=\"\" width=\"2048\" height=\"1538\" data-warning=\"Missing alt text\" srcset=\"https:\/\/ptgeof.pl\/wp-content\/uploads\/2025\/03\/480368358_1260683788860932_1622891971593456822_n.jpg 2048w, https:\/\/ptgeof.pl\/wp-content\/uploads\/2025\/03\/480368358_1260683788860932_1622891971593456822_n-300x225.jpg 300w, https:\/\/ptgeof.pl\/wp-content\/uploads\/2025\/03\/480368358_1260683788860932_1622891971593456822_n-1024x769.jpg 1024w, https:\/\/ptgeof.pl\/wp-content\/uploads\/2025\/03\/480368358_1260683788860932_1622891971593456822_n-768x577.jpg 768w, https:\/\/ptgeof.pl\/wp-content\/uploads\/2025\/03\/480368358_1260683788860932_1622891971593456822_n-1536x1154.jpg 1536w, https:\/\/ptgeof.pl\/wp-content\/uploads\/2025\/03\/480368358_1260683788860932_1622891971593456822_n-800x601.jpg 800w, https:\/\/ptgeof.pl\/wp-content\/uploads\/2025\/03\/480368358_1260683788860932_1622891971593456822_n-400x300.jpg 400w\" sizes=\"auto, (max-width: 2048px) 100vw, 2048px\" \/><\/div>\n<div class=\"wp-block-image\"><img loading=\"lazy\" decoding=\"async\" class=\"wpa-warning wpa-image-missing-alt alignnone size-full wp-image-2893\" src=\"http:\/\/ptgeof.pl\/wp-content\/uploads\/2025\/03\/480750894_1260684005527577_657415469576332796_n.jpg\" alt=\"\" width=\"1538\" height=\"2048\" data-warning=\"Missing alt text\" srcset=\"https:\/\/ptgeof.pl\/wp-content\/uploads\/2025\/03\/480750894_1260684005527577_657415469576332796_n.jpg 1538w, https:\/\/ptgeof.pl\/wp-content\/uploads\/2025\/03\/480750894_1260684005527577_657415469576332796_n-225x300.jpg 225w, https:\/\/ptgeof.pl\/wp-content\/uploads\/2025\/03\/480750894_1260684005527577_657415469576332796_n-769x1024.jpg 769w, https:\/\/ptgeof.pl\/wp-content\/uploads\/2025\/03\/480750894_1260684005527577_657415469576332796_n-768x1023.jpg 768w, https:\/\/ptgeof.pl\/wp-content\/uploads\/2025\/03\/480750894_1260684005527577_657415469576332796_n-1154x1536.jpg 1154w, https:\/\/ptgeof.pl\/wp-content\/uploads\/2025\/03\/480750894_1260684005527577_657415469576332796_n-800x1065.jpg 800w\" sizes=\"auto, (max-width: 1538px) 100vw, 1538px\" \/><\/div>\n<p style=\"text-align: justify\"><span style=\"color: #000000;font-size: 10pt\">Autorzy zdj\u0119\u0107: Wojciech O\u017cga i Bartosz Za\u0142uski<\/span><\/p>\n<p style=\"text-align: justify\"><span style=\"color: #000000;font-size: 12pt\">W 2022 roku min\u0119\u0142o 230 lat od rozpocz\u0119cia pomiar\u00f3w meteorologicznych w Krakowie i 70 lat od utworzenia Zak\u0142adu Klimatologii w Instytucie Geografii (obecnie Instytut Geografii i Gospodarki Przestrzennej) Uniwersytetu Jagiello\u0144skiego. Z okazji tak uroczystego podw\u00f3jnego jubileuszu zosta\u0142a zorganizowana konferencja naukowa pt. <em>Pogoda i klimat \u2013 przesz\u0142o\u015b\u0107, tera\u017aniejszo\u015b\u0107, przysz\u0142o\u015b\u0107<\/em>. Organizatorem konferencji by\u0142 Zak\u0142ad Klimatologii UJ we wsp\u00f3\u0142pracy z Instytutem Meteorologii i Gospodarki Wodnej \u2013 PIB i <strong>Polskim Towarzystwem Geofizycznym<\/strong>. Patronat nad konferencj\u0105 obj\u0105\u0142 Dziekan Wydzia\u0142u Geografii i Geologii UJ prof. dr hab. Marek Drewnik i <em>UN Global Compact Network Poland<\/em>. Konferencja odby\u0142a si\u0119 na Kampusie 600-lecia Odnowienia Uniwersytetu Jagiello\u0144skiego, w auli Instytutu Nauk Geologicznych.<\/span><\/p>\n<p style=\"text-align: justify\"><span style=\"color: #000000;font-size: 12pt\">Na pocz\u0105tku Konferencji, Przewodnicz\u0105cy Komitetu Organizacyjnego prof. Zbigniew Ustrnul przywita\u0142 uczestnik\u00f3w i go\u015bci. Oficjalnego otwarcia obrad dokona\u0142 Dziekan Wydzia\u0142u Geografii i Geologii UJ, prof. Marek Drewnik. W swoim wyst\u0105pieniu podkre\u015bli\u0142 zas\u0142ugi Pracownik\u00f3w Zak\u0142adu Klimatologii w rozwoju nauki. Uczestnik\u00f3w konferencji przywita\u0142a tak\u017ce przyby\u0142a na uroczysto\u015b\u0107 Dyrektor Instytutu Geografii i Gospodarki Przestrzennej, prof. UJ Anita Bokwa, wskazuj\u0105c na rang\u0119 obchodzonego podw\u00f3jnego jubileuszu dla Instytutu.<\/span><\/p>\n<p style=\"text-align: justify\"><span style=\"color: #000000;font-size: 12pt\">W konferencji uczestniczy\u0142o oko\u0142o 100 os\u00f3b z 13 o\u015brodk\u00f3w akademickich (w tym z Uniwersytetu w Brnie, Czechy), Polskiej Akademii Nauk oraz z kilku instytut\u00f3w resortowych. Podczas konferencji w 8 sesjach wyg\u0142oszono 35 referat\u00f3w (w tym jeden wyk\u0142ad go\u015bcinny) i przedstawiono 31 poster\u00f3w. Poszczeg\u00f3lne sesje referatowe prowadzili wed\u0142ug kolejno\u015bci chronologicznej: A. Bokwa, K. Miga\u0142a, M. Mi\u0119tus, E. \u0141upikasza, J. Wibig, E. \u017bmudzka, L. Kolendowicz i M. Nowosad. Sesjom posterowym, kt\u00f3re by\u0142y tematycznie po\u0142\u0105czone z referatowymi i odbywa\u0142y si\u0119 po ka\u017cdej z nich, przewodniczy\u0142a D. Matuszko.<\/span><\/p>\n<p style=\"text-align: justify\"><span style=\"color: #000000;font-size: 12pt\">Referaty podzielone zosta\u0142y w bloki tematyczne oddaj\u0105ce r\u00f3\u017cn\u0105 skal\u0119 czasow\u0105 i przestrzenn\u0105 wyg\u0142aszanych referat\u00f3w i poster\u00f3w oraz problem\u00f3w metodycznych zwi\u0105zanych z opracowaniem danych meteorologicznych. W programie pierwszej sesji znalaz\u0142y si\u0119 referaty dotycz\u0105ce powodzi oraz zmian i zmienno\u015bci klimatu w r\u00f3\u017cnych okresach historycznych, a wi\u0119c bezpo\u015brednio nawi\u0105zuj\u0105ce do \u015bwi\u0119towanego jubileuszu stacji meteorologicznej. Sesja rozpocz\u0119\u0142a si\u0119 referatem po\u015bwi\u0119conym cz\u0119sto\u015bci i genezie powodzi w Polsce w okresie od XII do XV wieku w \u015bwietle materia\u0142\u00f3w historycznych (R. Przybylak, P. Oli\u0144ski, B. Ghazi, K. Bogda\u0144ska, A. Pospieszy\u0144ska). Zagadnienie digitalizacji i dost\u0119pno\u015bci danych meteorologicznych z obszaru Ma\u0142opolski od XIX do po\u0142owy XX wieku by\u0142o tematem drugiego referatu (A. Wypych, Z. Ustrnul i K. Walus). W kolejnych wyst\u0105pieniach przybli\u017cono uczestnikom konferencji problematyk\u0119 zmian warunk\u00f3w klimatycznych na p\u00f3\u0142nocnym Mazowszu od ko\u0144ca XIX do pocz\u0105tku XXI wieku (K. Jarzyna, E. \u017bmudzka i T. Berbe\u0107), opad\u00f3w w \u017baganiu w okresie historycznym i wsp\u00f3\u0142czesnym (A. Pospieszy\u0144ska, R. Przybylak i P. Wyszy\u0144ski) oraz tzw. \u201eroku bez lata\u201d (1816), kt\u00f3ry om\u00f3wiono w \u015bwietle opracowa\u0144 i spostrze\u017ce\u0144 meteorologicznych (R. Doktor i D. Liman\u00f3wka). Cz\u0119\u015b\u0107 pierwsz\u0105 referat\u00f3w zako\u0144czy\u0142a kr\u00f3tka prezentacja posteru dotycz\u0105cego 100 lat regularnych obserwacji pokrywy \u015bnie\u017cnej w Krakowie przedstawiona przez M. Falarz. Nast\u0119pnie uczestnicy konferencji wys\u0142uchali (on-line) wyk\u0142adu go\u015bcinnego prof. Rudolfa Br\u00e1zdila z Uniwersytetu w Brnie, kt\u00f3ry dotyczy\u0142 wynik\u00f3w rekonstrukcji klimatu w Czechach w latach 1501-2020 w kontek\u015bcie europejskim.<\/span><\/p>\n<p style=\"text-align: justify\"><span style=\"color: #000000;font-size: 12pt\">W sesji drugiej wyg\u0142oszono 3 referaty. Dotyczy\u0142y one r\u00f3\u017cnych zagadnie\u0144 klimatu Europy i jego uwarunkowa\u0144 cyrkulacyjnych. Poruszono zagadnienie zmiany re\u017cimu temperatury powietrza w Europie w latach 1987-1989 \u2013 ich przyczyny i konsekwencje (A. Marsz i A. Styszy\u0144ska), wp\u0142ywu zmian zasi\u0119gu lodu morskiego Arktyki na cyrkulacj\u0119 atmosferyczn\u0105 i temperatur\u0119 powietrza na p\u00f3\u0142kuli p\u00f3\u0142nocnej zim\u0105 i wiosn\u0105 w latach 1979-2021 (J. J\u0119druszkiewicz, J. Wibig, P. Piotrowski) oraz czynnikom kszta\u0142tuj\u0105cym pr\u0119dko\u015b\u0107 wiatru w partiach grzbietowych g\u00f3r Europy (M. B\u0142a\u015b, D. Hebda, H. Ojrzy\u0144ska). Nast\u0119pnie odby\u0142y si\u0119 kr\u00f3tkie prezentacje 10 poster\u00f3w, z kt\u00f3rych 5 tematycznie nawi\u0105zywa\u0142o do problematyki tej sesji, a pozosta\u0142e 5 dotyczy\u0142o r\u00f3\u017cnych zagadnie\u0144 metodycznych. Referentami byli: D. Bab\u015b, P. Piotrowski, K. Bartoszek, A. Sulikowska, M. Skrzy\u0144ska, S. Kendzierski, M. K. Kowalewski, R. Pyrc, G. Stachura, Z. Zwolska. Pierwszy dzie\u0144 obrad zako\u0144czy\u0142 si\u0119 uroczyst\u0105 kolacj\u0105 jubileuszow\u0105 w Ogrodzie Botanicznym UJ przy ul. Kopernika 27 w Krakowie, kt\u00f3r\u0105 poprzedzi\u0142o zwiedzanie stacji Naukowej Zak\u0142adu Klimatologii UJ.<\/span><\/p>\n<p style=\"text-align: justify\"><span style=\"color: #000000;font-size: 12pt\">W drugim dniu konferencji odby\u0142y si\u0119 4 sesje referatowe. W sesji pierwszej wyst\u0105pienia dotyczy\u0142y klimatu Polski. Mo\u017cna by\u0142o wys\u0142ucha\u0107 referatu dotycz\u0105cego szerszego spojrzenia na zagadnienie NAO, efektu cieplarnianego i temperatury powietrza w zimie (J. Piskozub). W kolejnych wyst\u0105pieniach zaprezentowano zmienno\u015b\u0107 pokrywy \u015bnie\u017cnej w Sudetach na tle wsp\u00f3\u0142czesnej zmiany klimatu (G. Urban, D. Richterov\u00e1, S. Kliegrov\u00e1 i I. Zuskov\u00e1), zmiany termicznych p\u00f3r roku w Polsce w latach 1961-2020 (M. Kejna, A. Pospieszy\u0144ska) oraz wyst\u0119powanie ekstremalnie wysokich warto\u015bci temperatury powietrza w Polsce w okresie letnim w \u015bwietle wybranych typologii cyrkulacji atmosferycznej w latach 1951-2020 (M. Marosz). Ostatni referat tej sesji B. Bochenka, dotyczy\u0142 wp\u0142ywu warunk\u00f3w pogodowych na rozw\u00f3j pandemii COVID-19 w Polsce. Nast\u0119pnie odby\u0142a si\u0119 prezentacja 6 poster\u00f3w. Referentami byli: K. Lindner-Cendrowska, Z. Bielec-B\u0105kowska, M. Nowosad, J. Godziek, K. Wasilewska i A. Rajwa-Kuligiewicz.<\/span><\/p>\n<p style=\"text-align: justify\"><span style=\"color: #000000;font-size: 12pt\">Pierwszy referat kolejnej sesji (4), urozmaiconej tematycznie, dotyczy\u0142 problematyki s\u0142u\u017cby meteorologicznej w Polsce (M. Mi\u0119tus i M. Marosz). W nast\u0119pnym referacie zaprezentowano zmiany wilgotno\u015bci powietrza w \u0141odzi w latach 1961-2020. Dwa kolejne referaty obejmowa\u0142y zagadnienia zachmurzenia w Polsce: jego zmienno\u015bci wieloletniej w latach 1971-2020 (D. Matuszko, K. Bartoszek i J. Soroka) i chmur Cirrus w satelitarnych obserwacjach lidaru CALIOP (A. Z Kotarba). Ostatni referat w tej sesji zaprezentowa\u0142 S. Walczakiewicz dotycz\u0105cy analizy hot spot z wykorzystaniem danych o wy\u0142adowaniach atmosferycznych w Polsce. Zako\u0144czeniem 4 sesji by\u0142y 3 prezentacje posterowe, kt\u00f3rych prelegentami byli: \u017b. Nguyen Huu, D. Matuszko i M. Kirschenstein.<\/span><\/p>\n<p style=\"text-align: justify\"><span style=\"color: #000000;font-size: 12pt\">Kolejna 5. sesja by\u0142a zdominowana przez referaty dotycz\u0105ce zagadnie\u0144 klimatu miasta. Wprowadzeniem do tej problematyki by\u0142 referat \u201eKlimat w wielkim mie\u015bcie \u2013 dylematy obecne i przysz\u0142e\u201d (K. B\u0142a\u017cejczyk, A. B\u0142a\u017cejczyk, P. Milewski, I. G\u0142\u00f3wka-Roman). W dw\u00f3ch nast\u0119pnych zaprezentowano wyniki bada\u0144 odnosz\u0105ce si\u0119 do miejskiej wyspy ciep\u0142a w G\u00f3rno\u015bl\u0105sko-Zag\u0142ebiowskiej Metropolii (A. Renc i E. \u0141upikasza) oraz w Warszawie (M. Kuchcik, K. B\u0142a\u017cejczyk, K. Czarnecka, J. Baranowski). W ostatnim referacie uczestnicy konferencji us\u0142yszeli o wp\u0142ywie pogody na postrzeganie krajobrazu (M. P\u00f3\u0142rolniczak i L. Kolendowicz). Postery o zbli\u017conej tematyce zaprezentowali M. Hajto i M. Dobek.<\/span><\/p>\n<p style=\"text-align: justify\"><span style=\"color: #000000;font-size: 12pt\">W ostatniej tego dnia 6. sesji wyg\u0142oszono 4 referaty i om\u00f3wiono 2 postery. Ich problematyka obejmowa\u0142a zagadnienia mikroklimatyczne i z klimatologii stosowanej. Pierwszy referat dotyczy\u0142 znaczenia bada\u0144 mikroklimatycznych w rozumieniu funkcjonowania ekosystem\u00f3w (S. S\u0142owi\u0144ska, M. S\u0142owi\u0144ski). W dalszej kolejno\u015bci A. Cedro ukaza\u0142a znaczenie drzew w rekonstrukcji pogody i klimatu. L. Chojnacka-O\u017cga i W. O\u017cga zaprezentowali wp\u0142yw warunk\u00f3w klimatycznych na zamieranie drzew i rozpad drzewostan\u00f3w w Sudetach oraz charakterystyk\u0119 okresu wegetacyjnego w Lasach Do\u015bwiadczalnych w Rogowie (1951-2020). Sesja zako\u0144czy\u0142a si\u0119 prezentacj\u0105 dw\u00f3ch poster\u00f3w, kt\u00f3rych prelegentami byli K. Fortuniak i A. Nier\u00f3bca. Drugi dzie\u0144 konferencji zako\u0144czy\u0142 si\u0119 uroczyst\u0105 kolacj\u0105 na kampusie Uniwersytetu Jagiello\u0144skiego.<\/span><\/p>\n<p style=\"text-align: justify\"><span style=\"color: #000000;font-size: 12pt\">W trzecim dniu konferencji odby\u0142y si\u0119 dwie sesje referatowe i posterowe. Pierwsza sesja dotyczy\u0142a zagadnie\u0144 bioklimatycznych, g\u0142\u00f3wnie w Polsce. W pierwszym wyst\u0105pieniu pokazano zmiany wiekowe obci\u0105\u017ce\u0144 cieplnych cz\u0142owieka w Krakowie i ich wp\u0142yw na jako\u015b\u0107 \u017cycia mieszka\u0144c\u00f3w (K. B\u0142a\u017cejczyk i R. Twardosz). Nast\u0119pnie zaprezentowano problemy zwi\u0105zane z wyznaczaniem fal upa\u0142\u00f3w o du\u017cej wilgotno\u015bci (A. Krzy\u017cewska, J. Dyer, C. Fuhrman) oraz warunki biometeorologiczne podczas fal upa\u0142\u00f3w i mroz\u00f3w (A. M. Tomczyk i E. Bednorz). W ostatnim referacie mo\u017cna by\u0142o us\u0142ysze\u0107 o zagro\u017ceniach klimatu akustycznego w uzdrowiskach (J. Baranowski, M. Kuchcik, K. B\u0142a\u017cejczyk). Z tematyk\u0105 biometeorologiczn\u0105 by\u0142y zwi\u0105zane te\u017c 3 postery, kt\u00f3re przedstawili M. Owczarek, E. Bednorz i S. Wereski.<\/span><\/p>\n<p style=\"text-align: justify\"><span style=\"color: #000000;font-size: 12pt\">Dwa pierwsze referaty w ostatniej sesji dotyczy\u0142y wp\u0142ywu cyrkulacji na zmienno\u015b\u0107 opad\u00f3w \u015bniegu i deszczu w Polsce (E. \u0141upikasza i \u0141. Ma\u0142arzewski) oraz zmienno\u015bci opad\u00f3w w Sudetach (H. Ojrzy\u0144ska i M. B\u0142a\u015b). Ponadto uczestnicy konferencji mogli wys\u0142ucha\u0107 referatu o problematyce wyst\u0119powania suszy w Sudetach (B. Jasi\u0144ski, M. B\u0142a\u015b, H. Ojrzy\u0144ska) oraz wp\u0142ywie zmian klimatu na zasoby wodne w ma\u0142ej zlewni karpackiej (W. Bochenek, M. Kijowska-Struga\u0142a). Prelegentami ostatnich 3 poster\u00f3w byli: M. Kijowska-Struga\u0142a, S. Walczakiewicz, M. Siedlecki.<\/span><\/p>\n<p style=\"text-align: justify\"><span style=\"color: #000000;font-size: 12pt\">Ostatnim punktem konferencji by\u0142a dyskusja i podsumowanie obrad. T\u0119 sesj\u0119 poprowadzili M. Kaszewski i R. Twardosz. Prowadz\u0105cy podkre\u015blili ogromn\u0105 r\u00f3\u017cnorodno\u015b\u0107 referowanych zagadnie\u0144, nawi\u0105zuj\u0105cych do g\u0142\u00f3wnego has\u0142a konferencji. Prezentacje dotyczy\u0142y zmian i zmienno\u015bci klimatu, bioklimatologii, klimatu miasta, klimatologii stosowanej i zjawisk ekstremalnych. Najliczniejsze by\u0142y referaty dotycz\u0105ce zmian i zmienno\u015bci klimatu oraz ich przyczyn wyst\u0119powania w Polsce. Szczeg\u00f3lnie du\u017co uwagi po\u015bwi\u0119cono badaniu zachmurzenia.<\/span><\/p>\n<p style=\"text-align: justify\"><span style=\"color: #000000;font-size: 12pt\">Prowadz\u0105cy ostatni\u0105 cz\u0119\u015b\u0107 obrad podzieli si\u0119 og\u00f3lnymi spostrze\u017ceniami na temat konferencji. Stwierdzili, \u017ce:<\/span><\/p>\n<p style=\"text-align: justify\"><span style=\"color: #000000;font-size: 12pt\">&#8211; bardzo cenna by\u0142a dyskusja dotycz\u0105ca wi\u0119kszo\u015bci referat\u00f3w i poster\u00f3w oraz \u017ce by\u0142a to dyskusja merytoryczna i tocz\u0105ca si\u0119 w przyjaznej atmosferze.<\/span><\/p>\n<p style=\"text-align: justify\"><span style=\"color: #000000;font-size: 12pt\">&#8211; wi\u0119kszo\u015b\u0107 prezentowanych bada\u0144 dotyczy\u0142a dw\u00f3ch pierwszych cz\u0142on\u00f3w tematu konferencji, tzn. pogody i klimatu w przesz\u0142o\u015bci i tera\u017aniejszo\u015bci. Stosunkowo ma\u0142o uwagi po\u015bwiecono badaniom klimatu w przysz\u0142o\u015bci. W tym ostatnim problemie zwracano uwag\u0119 na potrzeb\u0119 uwzgl\u0119dniania, innych czynnik\u00f3w opr\u00f3cz CO<sub>2<\/sub>, a wi\u0119c np. cyrkulacji atmosferycznej i zachmurzenia.<\/span><\/p>\n<p style=\"text-align: justify\"><span style=\"color: #000000;font-size: 12pt\">&#8211; w dalszym ci\u0105gu pozostaje nierozwi\u0105zany problem jednorodno\u015bci danych. Dyskusja wykaza\u0142a, \u017ce s\u0105 pewne w\u0105tpliwo\u015bci z interpretacj\u0105 u\u015brednionych wielko\u015bci zachmurzenia i charakterystyk wilgotno\u015bci powietrza, a tak\u017ce wska\u017anik\u00f3w bioklimatycznych.<\/span><\/p>\n<p style=\"text-align: justify\"><span style=\"color: #000000;font-size: 12pt\">&#8211; warto zastanowi\u0107 si\u0119 nad celowo\u015bci\u0105 stosowania z\u0142o\u017conych metod statystycznych przy rozwi\u0105zywaniu niekt\u00f3rych stosunkowo prostych problem\u00f3w badawczych.<\/span><\/p>\n<p style=\"text-align: justify\"><span style=\"color: #000000;font-size: 12pt\">&#8211; du\u017cym problemem jest postrzeganie wsp\u00f3\u0142czesnej zmiany klimatu przez spo\u0142ecze\u0144stwo, a mianowicie cz\u0119ste mylenie zmienno\u015bci pogody ze zmienno\u015bci\u0105 klimatu. I jest to bardzo wa\u017cne zadanie dla klimatolog\u00f3w, aby t\u0119 sytuacj\u0119 poprawi\u0107 poprzez wi\u0119ksz\u0105 aktywno\u015b\u0107 w mediach.<\/span><\/p>\n<p style=\"text-align: justify\"><span style=\"color: #000000;font-size: 12pt\">Na zako\u0144czenie, w imieniu uczestnik\u00f3w konferencji, prof. M. Kaszewski podzi\u0119kowa\u0142 Pracownikom Zak\u0142adu Klimatologii IGiGP UJ za organizacj\u0119 konferencji oraz uczestnikom za r\u00f3\u017cnorodno\u015b\u0107 problematyki prezentowanych wyst\u0105pie\u0144 i dyskusj\u0119.<\/span><\/p>\n<p style=\"text-align: justify\"><span style=\"color: #000000;font-size: 12pt\">\u00a0<em>Robert Twardosz (UJ w Krakowie)<\/em><\/span><\/p>\n","protected":false},"excerpt":{"rendered":"<p>Konferencja Naukowa: &#8222;Pogoda i klimat \u2013 przesz\u0142o\u015b\u0107, tera\u017aniejszo\u015b\u0107, przysz\u0142o\u015b\u0107&#8221; Krak\u00f3w, 21-23 wrze\u015bnia 2022 Autorzy zdj\u0119\u0107: Wojciech O\u017cga i Bartosz Za\u0142uski W 2022 roku min\u0119\u0142o 230 lat od rozpocz\u0119cia pomiar\u00f3w meteorologicznych w Krakowie i 70 lat od utworzenia Zak\u0142adu Klimatologii w&hellip;<\/p>\n","protected":false},"author":3,"featured_media":0,"parent":0,"menu_order":0,"comment_status":"closed","ping_status":"closed","template":"","meta":{"footnotes":""},"class_list":["post-2895","page","type-page","status-publish","hentry"],"_links":{"self":[{"href":"https:\/\/ptgeof.pl\/index.php?rest_route=\/wp\/v2\/pages\/2895","targetHints":{"allow":["GET"]}}],"collection":[{"href":"https:\/\/ptgeof.pl\/index.php?rest_route=\/wp\/v2\/pages"}],"about":[{"href":"https:\/\/ptgeof.pl\/index.php?rest_route=\/wp\/v2\/types\/page"}],"author":[{"embeddable":true,"href":"https:\/\/ptgeof.pl\/index.php?rest_route=\/wp\/v2\/users\/3"}],"replies":[{"embeddable":true,"href":"https:\/\/ptgeof.pl\/index.php?rest_route=%2Fwp%2Fv2%2Fcomments&post=2895"}],"version-history":[{"count":5,"href":"https:\/\/ptgeof.pl\/index.php?rest_route=\/wp\/v2\/pages\/2895\/revisions"}],"predecessor-version":[{"id":2902,"href":"https:\/\/ptgeof.pl\/index.php?rest_route=\/wp\/v2\/pages\/2895\/revisions\/2902"}],"wp:attachment":[{"href":"https:\/\/ptgeof.pl\/index.php?rest_route=%2Fwp%2Fv2%2Fmedia&parent=2895"}],"curies":[{"name":"wp","href":"https:\/\/api.w.org\/{rel}","templated":true}]}}