{"id":2857,"date":"2025-03-23T13:59:20","date_gmt":"2025-03-23T13:59:20","guid":{"rendered":"https:\/\/ptgeof.pl\/?page_id=2857"},"modified":"2025-03-23T14:34:02","modified_gmt":"2025-03-23T14:34:02","slug":"konferencja-krenologiczna-2023","status":"publish","type":"page","link":"https:\/\/ptgeof.pl\/?page_id=2857","title":{"rendered":"Konferencja Krenologiczna 2023"},"content":{"rendered":"<p style=\"text-align: center\"><span style=\"font-size: 14pt\"><strong><span style=\"color: #000000\">V Konferencja Krenologiczna \u201e\u0179r\u00f3d\u0142a \u2013 niedoceniany fenomen natury\u201d<br \/>\n<\/span><\/strong><\/span><span style=\"color: #000000;font-size: 12pt\"><strong>Kazimierz Dolny, 20-22 wrze\u015bnia 2023 r.<\/strong><\/span><\/p>\n<p><img loading=\"lazy\" decoding=\"async\" class=\"alignnone size-full wp-image-2858\" src=\"http:\/\/ptgeof.pl\/wp-content\/uploads\/2025\/03\/Fot_1a.jpg\" alt=\"xv\" width=\"2000\" height=\"1333\" srcset=\"https:\/\/ptgeof.pl\/wp-content\/uploads\/2025\/03\/Fot_1a.jpg 2000w, https:\/\/ptgeof.pl\/wp-content\/uploads\/2025\/03\/Fot_1a-300x200.jpg 300w, https:\/\/ptgeof.pl\/wp-content\/uploads\/2025\/03\/Fot_1a-1024x682.jpg 1024w, https:\/\/ptgeof.pl\/wp-content\/uploads\/2025\/03\/Fot_1a-768x512.jpg 768w, https:\/\/ptgeof.pl\/wp-content\/uploads\/2025\/03\/Fot_1a-1536x1024.jpg 1536w, https:\/\/ptgeof.pl\/wp-content\/uploads\/2025\/03\/Fot_1a-800x533.jpg 800w\" sizes=\"auto, (max-width: 2000px) 100vw, 2000px\" \/><\/p>\n<p style=\"text-align: justify\"><span style=\"color: #000000\">Fot. 1. Uczestnicy Konferencji na tle panoramy Kazimierza Dolnego (fot. K. St\u0119pniewski)<\/span><\/p>\n<p><img loading=\"lazy\" decoding=\"async\" class=\"alignnone size-full wp-image-2859\" src=\"http:\/\/ptgeof.pl\/wp-content\/uploads\/2025\/03\/Fot_2a.jpg\" alt=\"mn\" width=\"1200\" height=\"1800\" srcset=\"https:\/\/ptgeof.pl\/wp-content\/uploads\/2025\/03\/Fot_2a.jpg 1200w, https:\/\/ptgeof.pl\/wp-content\/uploads\/2025\/03\/Fot_2a-200x300.jpg 200w, https:\/\/ptgeof.pl\/wp-content\/uploads\/2025\/03\/Fot_2a-683x1024.jpg 683w, https:\/\/ptgeof.pl\/wp-content\/uploads\/2025\/03\/Fot_2a-768x1152.jpg 768w, https:\/\/ptgeof.pl\/wp-content\/uploads\/2025\/03\/Fot_2a-1024x1536.jpg 1024w, https:\/\/ptgeof.pl\/wp-content\/uploads\/2025\/03\/Fot_2a-800x1200.jpg 800w\" sizes=\"auto, (max-width: 1200px) 100vw, 1200px\" \/><\/p>\n<p style=\"text-align: justify\"><span style=\"color: #000000\">Fot. 2. Przy \u017ar\u00f3dle w W\u0105wolnicy (fot. K. St\u0119pniewski)<\/span><\/p>\n<p style=\"text-align: justify\"><span style=\"color: #000000;font-size: 12pt\">W dniach 20-22 wrze\u015bnia 2023 r. w Kazimierzu Dolnym odby\u0142a si\u0119 V Konferencja Krenologiczna \u201e\u0179r\u00f3d\u0142a \u2013 niedoceniany fenomen natury\u201d, po\u0142\u0105czona z obchodami 70-lecia bada\u0144 krenologicznych w UMCS. Organizatorami Konferencji byli: Katedra Hydrologii i Klimatologii Instytutu Nauk o Ziemi i \u015arodowisku UMCS w Lublinie, Instytut Nauk Geologicznych Polskiej Akademii Nauk, Komisja Hydrologiczna Polskiego Towarzystwa Geograficznego, Oddzia\u0142 Lubelski Polskiego Towarzystwa Geograficznego oraz <strong>Oddzia\u0142 Lubelski Polskiego Towarzystwa Geofizycznego<\/strong>. Wydarzenie zosta\u0142o obj\u0119te patronatem honorowym JM Rektora UMCS, prof. dr. hab. Rados\u0142awa Dobrowolskiego oraz Pa\u0144stwowego Gospodarstwa Wodnego Wody Polskie. Konferencja otrzyma\u0142a dofinansowanie ze \u015brodk\u00f3w bud\u017cetu pa\u0144stwa, przyznanych przez Ministra Edukacji i Nauki w ramach Programu \u201eDoskona\u0142a Nauka II\u201d.<br \/>\n<\/span><br \/>\n<span style=\"color: #000000;font-size: 12pt\">W spotkaniu wzi\u0119\u0142o udzia\u0142 ponad 40 os\u00f3b, reprezentuj\u0105cych o\u015brodki naukowe z Polski (Uniwersytet Jagiello\u0144ski w Krakowie, Uniwersytet im. Adama Mickiewicza w Poznaniu, Uniwersytet w Bia\u0142ymstoku, Uniwersytet Gda\u0144ski, Uniwersytet \u0141\u00f3dzki, Uniwersytet \u015al\u0105ski, Uniwersytet Marii Curie-Sk\u0142odowskiej w Lublinie, Instytut Nauk Geologicznych PAN, Pa\u0144stwowy Instytut Geologiczny \u2013 PIB Oddzia\u0142u Geologii Morza w Gda\u0144sku, Pa\u0144stwowe Gospodarstwo Wodne Wody Polskie oraz Zesp\u00f3\u0142 Lubelskich Park\u00f3w Krajobrazowych). W\u015br\u00f3d go\u015bci z zagranicy byli przedstawiciele Uniwersytetu w Salzburgu w Austrii oraz Wo\u0142y\u0144skiego Uniwersytetu Pa\u0144stwowy im. \u0141esi Ukrainki w \u0141ucku w Ukrainie.<br \/>\n<\/span><br \/>\n<span style=\"color: #000000;font-size: 12pt\">Obrady podzielone by\u0142y na 5 sesji tematycznych, podczas kt\u00f3rych poruszano zagadnienia dotycz\u0105ce: uwarunkowa\u0144 hydrogeologicznych funkcjonowania \u017ar\u00f3de\u0142, ich roli w zasilaniu w\u00f3d rzecznych, oceny zasob\u00f3w w\u00f3d \u017ar\u00f3dlanych i ich wykorzystania. Podj\u0119ta zosta\u0142a tak\u017ce tematyka jako\u015bci w\u00f3d \u017ar\u00f3dlanych oraz \u017ar\u00f3de\u0142 jako obiekt\u00f3w bada\u0144 zmian klimatu oraz antropopresji. Podczas otwarcia konferencji referat wprowadzaj\u0105cy pt. 70 lat bada\u0144 krenologicznych w UMCS wyg\u0142osi\u0142 prof. dr hab. Zdzis\u0142aw Michalczyk \u2013 wieloletni kierownik Zak\u0142adu Hydrologii UMCS oraz badacz \u017ar\u00f3de\u0142 regionu lubelskiego.<br \/>\n<\/span><br \/>\n<span style=\"color: #000000;font-size: 12pt\">W czasie pierwszej sesji, kt\u00f3rej przewodniczy\u0142 prof. dr hab. Andrzej G\u00f3rniak (Uniwersytet w Bia\u0142ymstoku) przedstawiono zagadnienia zwi\u0105zane z regionalnym zr\u00f3\u017cnicowaniem wyst\u0119powania \u017ar\u00f3de\u0142 w po\u0142udniowych Karpatach, na Wo\u0142yniu i w Azji Zachodniej. Druga z sesji (pod przewodnictwem dr hab. Anny Szczuci\u0144skiej, prof. UAM) po\u015bwi\u0119cona by\u0142a zr\u00f3\u017cnicowaniu wyst\u0119powania \u017ar\u00f3de\u0142, tym razem w Polsce, i ich znaczeniu w kszta\u0142towaniu zasob\u00f3w wodnych. Pokazano, \u017ce \u017ar\u00f3d\u0142a nie wyst\u0119puj\u0105 tylko w regionach o urozmaiconej rze\u017abie terenu, ale tak\u017ce w obszarach nizinnych, np. Kotliny Biebrza\u0144skiej.<\/span><\/p>\n<p style=\"text-align: justify\"><span style=\"color: #000000;font-size: 12pt\">Ostatnia w dniu 20 wrze\u015bnia sesja, pod przewodnictwem prof. dr. hab. Paw\u0142a Jokiela (Uniwersytet \u0141\u00f3dzki), dotyczy\u0142a zr\u00f3\u017cnicowania hydrochemicznego i troficznego w\u00f3d \u017ar\u00f3dlanych, przedstawiono zar\u00f3wno wyniki bada\u0144, jak i dyskutowano metodyk\u0119 pomiar\u00f3w. Na zako\u0144czenie pierwszego dnia konferencji odby\u0142 si\u0119 koncert Zespo\u0142u \u201eHot Plasma Orchestra\u201d (jednym z koncertuj\u0105cych by\u0142 Pan Jaros\u0142aw Grodowski \u2013 uczestnik konferencji), co spotka\u0142o si\u0119 z du\u017cym zainteresowaniem i pozostawi\u0142o mi\u0142e wra\u017cenia.<br \/>\n<\/span><br \/>\n<span style=\"color: #000000;font-size: 12pt\">W drugim dniu konferencji odby\u0142y si\u0119 dwie sesje (przewodniczyli im: prof. dr hab. Zdzis\u0142aw Michalczyk \u2013 UMCS i prof. dr hab. Miros\u0142aw \u017belazny \u2013 UJ), zagadnienia podczas nich poruszane dotyczy\u0142y \u015brodowiskowych problem\u00f3w zwi\u0105zanych z wodami \u017ar\u00f3dlanymi. Zaprezentowane zosta\u0142y wybrane polskie \u017ar\u00f3d\u0142a, m.in. Wywierzysko Lodowe, Wywierzysko Goryczkowe, \u0179r\u00f3d\u0142o Krasnobr\u00f3d, \u0179r\u00f3d\u0142o W\u0105wolnica, \u0179r\u00f3d\u0142o Zaporze, \u0179r\u00f3d\u0142o Hydrograf\u00f3w oraz Niebieskie \u0179r\u00f3d\u0142a uwzgl\u0119dnione w mi\u0119dzynarodowym projekcie MIKAS\/NIKAS \u2013 Most Important Karst Aquifers\u2019 Springs\/National Importance Karst Aquifers\u2019 Springs, co potwierdzi\u0142o znaczenie tych niezwyk\u0142ych obiekt\u00f3w hydrograficznych dla \u015brodowiska oraz cz\u0142owieka. Po wyst\u0105pieniu przedstawicieli PGW Wody Polskie, kt\u00f3re dotyczy\u0142o koncepcji powstania rejestru publicznego \u017ar\u00f3de\u0142 i \u017ar\u00f3dlisk, wywi\u0105za\u0142a si\u0119 d\u0142uga dyskusja i wymiana pogl\u0105d\u00f3w naukowc\u00f3w i praktyk\u00f3w na temat zasob\u00f3w wodnych.<br \/>\n<\/span><br \/>\n<span style=\"color: #000000;font-size: 12pt\">Uzupe\u0142nieniem dyskusji z sesji tematycznych by\u0142a sesja terenowa na trasie: Kazimierz Dolny, W\u0105wolnica, Drzewce, Na\u0142\u0119cz\u00f3w, podczas kt\u00f3rej go\u015bcie mogli pozna\u0107 pi\u0119kno i walory krajobrazowe P\u0142askowy\u017cu Na\u0142\u0119czowskiego oraz zobaczy\u0107 wybrane obiekty krenologiczne, m.in. w W\u0105wolnicy oraz Na\u0142\u0119czowie. Ponadto, w przerwie pomi\u0119dzy sesjami, uczestnicy konferencji uczestniczyli w rejsie po Wi\u015ble oraz spacerze po Kazimierzu Dolnym.<br \/>\n<\/span><br \/>\n<span style=\"color: #000000;font-size: 12pt\">G\u0142osy podnoszone w dyskusjach podczas sesji oraz w kuluarach pokaza\u0142y, \u017ce problematyka zwi\u0105zana ze \u017ar\u00f3d\u0142ami i ich znaczeniem, zr\u00f3\u017cnicowaniem jako\u015bci i wydajno\u015bci s\u0105 niezwykle istotne z punktu ich wykorzystania przez cz\u0142owieka oraz jako jednego z element\u00f3w infrastruktury krytycznej. Wskazano tak\u017ce potrzeb\u0119 dalszych spotka\u0144 krenologicznych \u2013 konferencji i seminari\u00f3w, podczas kt\u00f3rych b\u0119dzie mo\u017cliwa dalsza dyskusja na ten temat, a ka\u017cde z nich b\u0119dzie doskona\u0142\u0105 okazj\u0105 do wymiany pogl\u0105d\u00f3w i do\u015bwiadcze\u0144 zwi\u0105zanych ze \u017ar\u00f3d\u0142ami.<\/span><\/p>\n<p style=\"text-align: justify\"><span style=\"font-size: 12pt;color: #000000\">Pok\u0142osiem konferencji jest film \u201e\u0179r\u00f3d\u0142a Lubelszczyzny \u2013 niedoceniany fenomen natury\u201d pokazuj\u0105cy znaczenie niezwyk\u0142ych obiekt\u00f3w hydrograficznych nie tylko dla przyrody, ale i dla cz\u0142owieka, poprzez pryzmat bada\u0144 prowadzonych w Katedrze Hydrologii i Klimatologii Instytutu Nauk o Ziemi i \u015arodowisku UMCS w Lublinie. Autorzy zwracaj\u0105 uwag\u0119 na przyrodnicz\u0105, krajobrazow\u0105, naukow\u0105, kulturow\u0105 i gospodarcz\u0105 warto\u015b\u0107 \u017ar\u00f3de\u0142, zagro\u017cenia ich funkcjonowania oraz konieczno\u015b\u0107 ochrony. Link do filmu: <a href=\"https:\/\/www.youtube.com\/watch?v=7vwbv7O2d30\"><span style=\"color: #0000ff\"><strong>https:\/\/www.youtube.com\/watch?v=7vwbv7O2d30<\/strong><\/span><\/a><\/span><\/p>\n<p style=\"text-align: justify\"><span style=\"color: #000000;font-size: 12pt\">Konferencja otrzyma\u0142a dofinansowanie ze \u015brodk\u00f3w bud\u017cetu pa\u0144stwa, przyznanych przez Ministra Edukacji i Nauki w ramach Programu \u201eDoskona\u0142a Nauka II\u201d.<\/span><\/p>\n<p style=\"text-align: justify\"><em><span style=\"color: #000000;font-size: 12pt\">Joanna Spos\u00f3b<\/span><\/em><br \/>\n<em><span style=\"color: #000000;font-size: 12pt\">Stanis\u0142aw Chmiel<\/span><\/em><br \/>\n<em><span style=\"color: #000000;font-size: 12pt\">Katarzyna Mi\u0119siak-W\u00f3jcik<\/span><\/em><br \/>\n<em><span style=\"color: #000000;font-size: 12pt\">Krzysztof Bartoszek<\/span><\/em><\/p>\n<p><img loading=\"lazy\" decoding=\"async\" class=\"alignnone wp-image-2850\" src=\"http:\/\/ptgeof.pl\/wp-content\/uploads\/2025\/03\/121644-091807-logotyp-doskonala-nauka-oraz-ministerstwo-edukacji-i-nauki.png\" alt=\"fr\" width=\"541\" height=\"128\" srcset=\"https:\/\/ptgeof.pl\/wp-content\/uploads\/2025\/03\/121644-091807-logotyp-doskonala-nauka-oraz-ministerstwo-edukacji-i-nauki.png 435w, https:\/\/ptgeof.pl\/wp-content\/uploads\/2025\/03\/121644-091807-logotyp-doskonala-nauka-oraz-ministerstwo-edukacji-i-nauki-300x71.png 300w\" sizes=\"auto, (max-width: 541px) 100vw, 541px\" \/><\/p>\n","protected":false},"excerpt":{"rendered":"<p>V Konferencja Krenologiczna \u201e\u0179r\u00f3d\u0142a \u2013 niedoceniany fenomen natury\u201d Kazimierz Dolny, 20-22 wrze\u015bnia 2023 r. Fot. 1. Uczestnicy Konferencji na tle panoramy Kazimierza Dolnego (fot. K. St\u0119pniewski) Fot. 2. Przy \u017ar\u00f3dle w W\u0105wolnicy (fot. K. St\u0119pniewski) W dniach 20-22 wrze\u015bnia 2023&hellip;<\/p>\n","protected":false},"author":3,"featured_media":0,"parent":0,"menu_order":0,"comment_status":"closed","ping_status":"closed","template":"","meta":{"footnotes":""},"class_list":["post-2857","page","type-page","status-publish","hentry"],"_links":{"self":[{"href":"https:\/\/ptgeof.pl\/index.php?rest_route=\/wp\/v2\/pages\/2857","targetHints":{"allow":["GET"]}}],"collection":[{"href":"https:\/\/ptgeof.pl\/index.php?rest_route=\/wp\/v2\/pages"}],"about":[{"href":"https:\/\/ptgeof.pl\/index.php?rest_route=\/wp\/v2\/types\/page"}],"author":[{"embeddable":true,"href":"https:\/\/ptgeof.pl\/index.php?rest_route=\/wp\/v2\/users\/3"}],"replies":[{"embeddable":true,"href":"https:\/\/ptgeof.pl\/index.php?rest_route=%2Fwp%2Fv2%2Fcomments&post=2857"}],"version-history":[{"count":7,"href":"https:\/\/ptgeof.pl\/index.php?rest_route=\/wp\/v2\/pages\/2857\/revisions"}],"predecessor-version":[{"id":2887,"href":"https:\/\/ptgeof.pl\/index.php?rest_route=\/wp\/v2\/pages\/2857\/revisions\/2887"}],"wp:attachment":[{"href":"https:\/\/ptgeof.pl\/index.php?rest_route=%2Fwp%2Fv2%2Fmedia&parent=2857"}],"curies":[{"name":"wp","href":"https:\/\/api.w.org\/{rel}","templated":true}]}}