{"id":2039,"date":"2023-06-08T12:57:50","date_gmt":"2023-06-08T12:57:50","guid":{"rendered":"http:\/\/ptgeof.pl\/?page_id=2039"},"modified":"2025-04-11T10:42:14","modified_gmt":"2025-04-11T10:42:14","slug":"strony-oddzialow","status":"publish","type":"page","link":"https:\/\/ptgeof.pl\/?page_id=2039","title":{"rendered":"Strony Oddzia\u0142\u00f3w"},"content":{"rendered":"<p><a href=\"https:\/\/ptgeof.pl\/lublin\/\">Oddzia\u0142 Lubelski<\/a><br \/>\n<a href=\"https:\/\/www.geo.umk.pl\/nauka\/organizacje-naukowe\/ptgeofiz\/\">Oddzia\u0142 Pomorski<\/a><br \/>\n<a href=\"https:\/\/ptgeof.pl\/warszawa\">Oddzia\u0142 Warszawski<\/a><br \/>\n<a href=\"http:\/\/ptgeof.pl\/wroclaw\/\">Oddzia\u0142 Wroc\u0142awski<\/a><br \/>\n<a href=\"https:\/\/ptgeof.pl\/ofwzipo\/\">Oddzia\u0142 FWZiPO<\/a><\/p>\n","protected":false},"excerpt":{"rendered":"<p>Oddzia\u0142 Lubelski Oddzia\u0142 Pomorski Oddzia\u0142 Warszawski Oddzia\u0142 Wroc\u0142awski Oddzia\u0142 FWZiPO<\/p>\n","protected":false},"author":3,"featured_media":0,"parent":0,"menu_order":0,"comment_status":"closed","ping_status":"closed","template":"","meta":{"footnotes":""},"class_list":["post-2039","page","type-page","status-publish","hentry"],"_links":{"self":[{"href":"https:\/\/ptgeof.pl\/index.php?rest_route=\/wp\/v2\/pages\/2039","targetHints":{"allow":["GET"]}}],"collection":[{"href":"https:\/\/ptgeof.pl\/index.php?rest_route=\/wp\/v2\/pages"}],"about":[{"href":"https:\/\/ptgeof.pl\/index.php?rest_route=\/wp\/v2\/types\/page"}],"author":[{"embeddable":true,"href":"https:\/\/ptgeof.pl\/index.php?rest_route=\/wp\/v2\/users\/3"}],"replies":[{"embeddable":true,"href":"https:\/\/ptgeof.pl\/index.php?rest_route=%2Fwp%2Fv2%2Fcomments&post=2039"}],"version-history":[{"count":6,"href":"https:\/\/ptgeof.pl\/index.php?rest_route=\/wp\/v2\/pages\/2039\/revisions"}],"predecessor-version":[{"id":2953,"href":"https:\/\/ptgeof.pl\/index.php?rest_route=\/wp\/v2\/pages\/2039\/revisions\/2953"}],"wp:attachment":[{"href":"https:\/\/ptgeof.pl\/index.php?rest_route=%2Fwp%2Fv2%2Fmedia&parent=2039"}],"curies":[{"name":"wp","href":"https:\/\/api.w.org\/{rel}","templated":true}]}}